{"id":4805,"date":"2025-12-22T16:13:36","date_gmt":"2025-12-22T16:13:36","guid":{"rendered":"https:\/\/www.skarbyziemi-alis.pl\/?page_id=4805"},"modified":"2026-02-15T17:16:43","modified_gmt":"2026-02-15T17:16:43","slug":"zawieszki","status":"publish","type":"page","link":"https:\/\/www.skarbyziemi-alis.pl\/index.php\/kamienie-mineraly\/zawieszki\/","title":{"rendered":"Cytryn"},"content":{"rendered":"<div class=\"wpb-content-wrapper\">[vc_row content_placement=&#8221;middle&#8221;][vc_column width=&#8221;4\/5&#8243; offset=&#8221;vc_col-lg-offset-1&#8243;][vc_column_text css=&#8221;&#8221; animation=&#8221;animation scale&#8221;]\n<figure class=\"wp-block-image size-full\"><img loading=\"lazy\" decoding=\"async\" class=\"wp-image-5222 size-medium aligncenter\" src=\"https:\/\/www.skarbyziemi-alis.pl\/wp-content\/uploads\/2026\/01\/Cytryn-otoczaki-225x300.jpg\" alt=\"\" width=\"225\" height=\"300\" srcset=\"https:\/\/www.skarbyziemi-alis.pl\/wp-content\/uploads\/2026\/01\/Cytryn-otoczaki-225x300.jpg 225w, https:\/\/www.skarbyziemi-alis.pl\/wp-content\/uploads\/2026\/01\/Cytryn-otoczaki-113x150.jpg 113w, https:\/\/www.skarbyziemi-alis.pl\/wp-content\/uploads\/2026\/01\/Cytryn-otoczaki-450x600.jpg 450w, https:\/\/www.skarbyziemi-alis.pl\/wp-content\/uploads\/2026\/01\/Cytryn-otoczaki.jpg 600w\" sizes=\"auto, (max-width: 225px) 100vw, 225px\" \/><\/figure>\n[\/vc_column_text][vc_text_separator title=&#8221;Podkategorie&#8221;][\/vc_column][\/vc_row][vc_row et_column_align=&#8221;align-center&#8221; equal_height=&#8221;yes&#8221;][vc_column]\t\t<ul class=\"row products et-product-category-grid masonry et-loader sharp-corners style2\" data-layoutmode=\"packery\">\n\t\t\t\n<li class=\"item col-md-6 product-category product first\">\n\t<div class=\"et-category-inner\"><a href=\"https:\/\/www.skarbyziemi-alis.pl\/index.php\/product-category\/kamienie\/cytryn\/bransoletki-cytryn\/\" style=\"background-image:url(https:\/\/www.skarbyziemi-alis.pl\/wp-content\/uploads\/2026\/04\/Cytryn-bransoletka-450x600.jpg)\"><div class=\"category-caption\">\t\t<h2 class=\"woocommerce-loop-category__title\">\n\t\t\tbransoletki z cytrynu<mark class=\"count\">2<\/mark>\t\t<\/h2>\n\t\t<\/div><\/a><\/div><\/li>\n\n<li class=\"item col-md-3 grid-sizer product-category product\">\n\t<div class=\"et-category-inner\"><a href=\"https:\/\/www.skarbyziemi-alis.pl\/index.php\/product-category\/kamienie\/cytryn\/otoczaki-cytryn\/\" style=\"background-image:url(https:\/\/www.skarbyziemi-alis.pl\/wp-content\/uploads\/2026\/04\/Cytryn-otoczaki-450x338.jpg)\"><div class=\"category-caption\">\t\t<h2 class=\"woocommerce-loop-category__title\">\n\t\t\totoczaki<mark class=\"count\">1<\/mark>\t\t<\/h2>\n\t\t<\/div><\/a><\/div><\/li>\n\n<li class=\"item col-md-3 product-category product\">\n\t<div class=\"et-category-inner\"><a href=\"https:\/\/www.skarbyziemi-alis.pl\/index.php\/product-category\/kamienie\/cytryn\/surowy-cytryn\/\" style=\"background-image:url(https:\/\/www.skarbyziemi-alis.pl\/wp-content\/uploads\/2026\/04\/Cytryn-surowy-450x600.jpg)\"><div class=\"category-caption\">\t\t<h2 class=\"woocommerce-loop-category__title\">\n\t\t\tsurowy<mark class=\"count\">1<\/mark>\t\t<\/h2>\n\t\t<\/div><\/a><\/div><\/li>\n\n<li class=\"item col-md-3 grid-sizer product-category product last\">\n\t<div class=\"et-category-inner\"><a href=\"https:\/\/www.skarbyziemi-alis.pl\/index.php\/product-category\/kamienie\/cytryn\/zawieszki-cytryn\/\" style=\"background-image:url(https:\/\/www.skarbyziemi-alis.pl\/wp-content\/uploads\/2026\/04\/Cytryn-zawieszka-450x600.jpg)\"><div class=\"category-caption\">\t\t<h2 class=\"woocommerce-loop-category__title\">\n\t\t\tzawieszki<mark class=\"count\">1<\/mark>\t\t<\/h2>\n\t\t<\/div><\/a><\/div><\/li>\n\t\t<\/ul>\n\t\t[\/vc_column][\/vc_row][vc_row][vc_column][vc_text_separator title=&#8221;Produkty&#8221; css=&#8221;&#8221;][\/vc_column][\/vc_row][vc_row][vc_column]<div class=\"woocommerce columns-4 \">\n<ul class=\"products row et-main-products hover-animation-zoom-jump et-shop-show-variations et-shop-hover-images show-rating\" data-columns=\"4\" data-mobile-columns=\"2\" data-navigation=\"true\" data-pagination=\"true\" data-layoutmode=\"packery\">\n<li class=\"item et-listing-style1 col-6 col-sm-6 col-md-4 col-lg-3 small_grid_5 product type-product post-5228 status-publish first instock product_cat-bransoletki-cytryn product_cat-cytryn product_cat-kamienie has-post-thumbnail shipping-taxable purchasable product-type-simple\">\n\t<div class=\"product-inner animation fade\">\n\t\t<figure class=\"product_thumbnail et-image-hover\">  \n\t\t<a href=\"https:\/\/www.skarbyziemi-alis.pl\/index.php\/product\/cytryn-bransoletka-5mm\/\" title=\"Cytryn bransoletka 5mm\"><img loading=\"lazy\" decoding=\"async\" width=\"450\" height=\"600\" src=\"https:\/\/www.skarbyziemi-alis.pl\/wp-content\/uploads\/2026\/01\/Cytryn-bransoletka-5mm-450x600.jpg\" class=\"main-image skip-lazy\" alt=\"Cytryn bransoletka 5mm\" srcset=\"https:\/\/www.skarbyziemi-alis.pl\/wp-content\/uploads\/2026\/01\/Cytryn-bransoletka-5mm-450x600.jpg 450w, https:\/\/www.skarbyziemi-alis.pl\/wp-content\/uploads\/2026\/01\/Cytryn-bransoletka-5mm-225x300.jpg 225w, https:\/\/www.skarbyziemi-alis.pl\/wp-content\/uploads\/2026\/01\/Cytryn-bransoletka-5mm-768x1024.jpg 768w, https:\/\/www.skarbyziemi-alis.pl\/wp-content\/uploads\/2026\/01\/Cytryn-bransoletka-5mm-1152x1536.jpg 1152w, https:\/\/www.skarbyziemi-alis.pl\/wp-content\/uploads\/2026\/01\/Cytryn-bransoletka-5mm-113x150.jpg 113w, https:\/\/www.skarbyziemi-alis.pl\/wp-content\/uploads\/2026\/01\/Cytryn-bransoletka-5mm-900x1200.jpg 900w, https:\/\/www.skarbyziemi-alis.pl\/wp-content\/uploads\/2026\/01\/Cytryn-bransoletka-5mm.jpg 1200w\" sizes=\"auto, (max-width: 450px) 100vw, 450px\" \/><\/a>\n\t\t\t\t<div class=\"actions-wrapper\">\n\t\t\t\t\t\t\t\t\t\t\t\t<a href=https:\/\/www.skarbyziemi-alis.pl\/index.php\/product\/cytryn-bransoletka-5mm\/ title=\"Quick View\" data-product_id=\"5228\" class=\"et-quickview-btn et-tooltip product_type_simple\"><span class=\"text\">Quick View<\/span><span class=\"icon\"><span class=\"et-icon et-maximize-2\"><\/span><\/span><\/a>\t\t\t<\/div>\n\t<\/figure>\n\t<div class=\"caption\">\n\t\t<div class=\"product-title\">\n\t\t\t<h2><a class=\"product-link\" href=\"https:\/\/www.skarbyziemi-alis.pl\/index.php\/product\/cytryn-bransoletka-5mm\/\" title=\"Cytryn bransoletka 5mm\">Cytryn bransoletka 5mm<\/a><\/h2>\n\t\t\t<div class=\"yith-add-to-wishlist-button-block\" data-product-id=\"5228\" data-attributes=\"{&quot;kind&quot;:&quot;button&quot;}\"><\/div>\t\t<\/div>\n\t\t\n\t\t<div class=\"product_after_title\">\n\n\t\t\t<div class=\"product_after_shop_loop_price\">\n\t\t\t\t\n\t<span class=\"price\"><span class=\"woocommerce-Price-amount amount\"><bdi>48,00&nbsp;<span class=\"woocommerce-Price-currencySymbol\">&#122;&#322;<\/span><\/bdi><\/span><\/span>\n\t\t\t<\/div>\n\n\t\t\t<div class=\"product-excerpt\">\n\t\t\t\t<p>Cytryn- kamie\u0144 \u015bwiat\u0142a, rado\u015bci i obfito\u015bci.\u00a0Cytryn emanuje ciep\u0142\u0105, s\u0142oneczn\u0105 energi\u0105, kt\u00f3ra wzmacnia optymizm, pewno\u015b\u0107 siebie i kreatywno\u015b\u0107. Przyci\u0105ga dobrobyt, sprzyja realizacji cel\u00f3w oraz pomaga uwalnia\u0107 l\u0119ki i blokady emocjonalne. Wspiera wewn\u0119trzn\u0105 harmoni\u0119, dodaje si\u0142 \u017cyciowych i roz\u015bwietla aur\u0119 pozytywn\u0105 wibracj\u0105. To kamie\u0144 manifestacji, rado\u015bci i lekko\u015bci serca. Bransoletk\u0119 wysy\u0142amy losowo. [&hellip;]<\/p>\n\t\t\t<\/div>\n\n\t\t\t<div class=\"after_shop_loop_actions\">\n\n\t\t\t\t<a href=\"\/index.php\/wp-json\/wp\/v2\/pages\/4805?add-to-cart=5228\" aria-describedby=\"woocommerce_loop_add_to_cart_link_describedby_5228\" data-quantity=\"1\" class=\"button product_type_simple add_to_cart_button ajax_add_to_cart\" data-product_id=\"5228\" data-product_sku=\"\" aria-label=\"Dodaj do koszyka: &bdquo;Cytryn bransoletka 5mm&rdquo;\" rel=\"nofollow\" data-success_message=\"&ldquo;Cytryn bransoletka 5mm&rdquo; zosta\u0142 dodany do twojego koszyka\" role=\"button\"><span class=\"text\">Dodaj do koszyka<\/span><span class=\"icon et-icon et-shopping-bag\"><\/span><\/a>\t<span id=\"woocommerce_loop_add_to_cart_link_describedby_5228\" class=\"screen-reader-text\">\n\t\t<\/span>\n\t\t\t<\/div>\n\n\t\t<\/div>\n\n\t\t\n\t<\/div>\n\n\t<\/div>\n\n<\/li>\n<li class=\"item et-listing-style1 col-6 col-sm-6 col-md-4 col-lg-3 small_grid_5 product type-product post-5226 status-publish instock product_cat-bransoletki-cytryn product_cat-cytryn product_cat-kamienie has-post-thumbnail shipping-taxable purchasable product-type-simple\">\n\t<div class=\"product-inner animation fade\">\n\t\t<figure class=\"product_thumbnail et-image-hover\">  \n\t\t<a href=\"https:\/\/www.skarbyziemi-alis.pl\/index.php\/product\/cytryn-bransoletka-nieregularna\/\" title=\"Cytryn bransoletka nieregularna\"><img loading=\"lazy\" decoding=\"async\" width=\"450\" height=\"600\" src=\"https:\/\/www.skarbyziemi-alis.pl\/wp-content\/uploads\/2026\/01\/Cytryn-bransoletka-nieregularna-450x600.jpg\" class=\"main-image skip-lazy\" alt=\"Cytryn bransoletka nieregularna\" srcset=\"https:\/\/www.skarbyziemi-alis.pl\/wp-content\/uploads\/2026\/01\/Cytryn-bransoletka-nieregularna-450x600.jpg 450w, https:\/\/www.skarbyziemi-alis.pl\/wp-content\/uploads\/2026\/01\/Cytryn-bransoletka-nieregularna-225x300.jpg 225w, https:\/\/www.skarbyziemi-alis.pl\/wp-content\/uploads\/2026\/01\/Cytryn-bransoletka-nieregularna-113x150.jpg 113w, https:\/\/www.skarbyziemi-alis.pl\/wp-content\/uploads\/2026\/01\/Cytryn-bransoletka-nieregularna.jpg 600w\" sizes=\"auto, (max-width: 450px) 100vw, 450px\" \/><\/a>\n\t\t\t\t<div class=\"actions-wrapper\">\n\t\t\t\t\t\t\t\t\t\t\t\t<a href=https:\/\/www.skarbyziemi-alis.pl\/index.php\/product\/cytryn-bransoletka-nieregularna\/ title=\"Quick View\" data-product_id=\"5226\" class=\"et-quickview-btn et-tooltip product_type_simple\"><span class=\"text\">Quick View<\/span><span class=\"icon\"><span class=\"et-icon et-maximize-2\"><\/span><\/span><\/a>\t\t\t<\/div>\n\t<\/figure>\n\t<div class=\"caption\">\n\t\t<div class=\"product-title\">\n\t\t\t<h2><a class=\"product-link\" href=\"https:\/\/www.skarbyziemi-alis.pl\/index.php\/product\/cytryn-bransoletka-nieregularna\/\" title=\"Cytryn bransoletka nieregularna\">Cytryn bransoletka nieregularna<\/a><\/h2>\n\t\t\t<div class=\"yith-add-to-wishlist-button-block\" data-product-id=\"5226\" data-attributes=\"{&quot;kind&quot;:&quot;button&quot;}\"><\/div>\t\t<\/div>\n\t\t\n\t\t<div class=\"product_after_title\">\n\n\t\t\t<div class=\"product_after_shop_loop_price\">\n\t\t\t\t\n\t<span class=\"price\"><span class=\"woocommerce-Price-amount amount\"><bdi>75,00&nbsp;<span class=\"woocommerce-Price-currencySymbol\">&#122;&#322;<\/span><\/bdi><\/span><\/span>\n\t\t\t<\/div>\n\n\t\t\t<div class=\"product-excerpt\">\n\t\t\t\t<p>Cytryn- kamie\u0144 \u015bwiat\u0142a, rado\u015bci i obfito\u015bci.\u00a0Cytryn emanuje ciep\u0142\u0105, s\u0142oneczn\u0105 energi\u0105, kt\u00f3ra wzmacnia optymizm, pewno\u015b\u0107 siebie i kreatywno\u015b\u0107. Przyci\u0105ga dobrobyt, sprzyja realizacji cel\u00f3w oraz pomaga uwalnia\u0107 l\u0119ki i blokady emocjonalne. Wspiera wewn\u0119trzn\u0105 harmoni\u0119, dodaje si\u0142 \u017cyciowych i roz\u015bwietla aur\u0119 pozytywn\u0105 wibracj\u0105. To kamie\u0144 manifestacji, rado\u015bci i lekko\u015bci serca. Bransoletk\u0119 wysy\u0142amy losowo. [&hellip;]<\/p>\n\t\t\t<\/div>\n\n\t\t\t<div class=\"after_shop_loop_actions\">\n\n\t\t\t\t<a href=\"\/index.php\/wp-json\/wp\/v2\/pages\/4805?add-to-cart=5226\" aria-describedby=\"woocommerce_loop_add_to_cart_link_describedby_5226\" data-quantity=\"1\" class=\"button product_type_simple add_to_cart_button ajax_add_to_cart\" data-product_id=\"5226\" data-product_sku=\"\" aria-label=\"Dodaj do koszyka: &bdquo;Cytryn bransoletka nieregularna&rdquo;\" rel=\"nofollow\" data-success_message=\"&ldquo;Cytryn bransoletka nieregularna&rdquo; zosta\u0142 dodany do twojego koszyka\" role=\"button\"><span class=\"text\">Dodaj do koszyka<\/span><span class=\"icon et-icon et-shopping-bag\"><\/span><\/a>\t<span id=\"woocommerce_loop_add_to_cart_link_describedby_5226\" class=\"screen-reader-text\">\n\t\t<\/span>\n\t\t\t<\/div>\n\n\t\t<\/div>\n\n\t\t\n\t<\/div>\n\n\t<\/div>\n\n<\/li>\n<li class=\"item et-listing-style1 col-6 col-sm-6 col-md-4 col-lg-3 small_grid_5 product type-product post-5221 status-publish instock product_cat-cytryn product_cat-kamienie product_cat-otoczaki-cytryn has-post-thumbnail shipping-taxable purchasable product-type-simple\">\n\t<div class=\"product-inner animation fade\">\n\t\t<figure class=\"product_thumbnail et-image-hover\">  \n\t\t<a href=\"https:\/\/www.skarbyziemi-alis.pl\/index.php\/product\/cytryn-otoczaki\/\" title=\"Cytryn otoczaki\"><img loading=\"lazy\" decoding=\"async\" width=\"450\" height=\"600\" src=\"https:\/\/www.skarbyziemi-alis.pl\/wp-content\/uploads\/2026\/01\/Cytryn-otoczaki-450x600.jpg\" class=\"main-image skip-lazy\" alt=\"Cytryn otoczaki\" srcset=\"https:\/\/www.skarbyziemi-alis.pl\/wp-content\/uploads\/2026\/01\/Cytryn-otoczaki-450x600.jpg 450w, https:\/\/www.skarbyziemi-alis.pl\/wp-content\/uploads\/2026\/01\/Cytryn-otoczaki-225x300.jpg 225w, https:\/\/www.skarbyziemi-alis.pl\/wp-content\/uploads\/2026\/01\/Cytryn-otoczaki-113x150.jpg 113w, https:\/\/www.skarbyziemi-alis.pl\/wp-content\/uploads\/2026\/01\/Cytryn-otoczaki.jpg 600w\" sizes=\"auto, (max-width: 450px) 100vw, 450px\" \/><\/a>\n\t\t\t\t<div class=\"actions-wrapper\">\n\t\t\t\t\t\t\t\t\t\t\t\t<a href=https:\/\/www.skarbyziemi-alis.pl\/index.php\/product\/cytryn-otoczaki\/ title=\"Quick View\" data-product_id=\"5221\" class=\"et-quickview-btn et-tooltip product_type_simple\"><span class=\"text\">Quick View<\/span><span class=\"icon\"><span class=\"et-icon et-maximize-2\"><\/span><\/span><\/a>\t\t\t<\/div>\n\t<\/figure>\n\t<div class=\"caption\">\n\t\t<div class=\"product-title\">\n\t\t\t<h2><a class=\"product-link\" href=\"https:\/\/www.skarbyziemi-alis.pl\/index.php\/product\/cytryn-otoczaki\/\" title=\"Cytryn otoczaki\">Cytryn otoczaki<\/a><\/h2>\n\t\t\t<div class=\"yith-add-to-wishlist-button-block\" data-product-id=\"5221\" data-attributes=\"{&quot;kind&quot;:&quot;button&quot;}\"><\/div>\t\t<\/div>\n\t\t\n\t\t<div class=\"product_after_title\">\n\n\t\t\t<div class=\"product_after_shop_loop_price\">\n\t\t\t\t\n\t<span class=\"price\"><span class=\"woocommerce-Price-amount amount\"><bdi>10,00&nbsp;<span class=\"woocommerce-Price-currencySymbol\">&#122;&#322;<\/span><\/bdi><\/span><\/span>\n\t\t\t<\/div>\n\n\t\t\t<div class=\"product-excerpt\">\n\t\t\t\t<p>Cytryn- kamie\u0144 \u015bwiat\u0142a, rado\u015bci i obfito\u015bci.\u00a0Cytryn emanuje ciep\u0142\u0105, s\u0142oneczn\u0105 energi\u0105, kt\u00f3ra wzmacnia optymizm, pewno\u015b\u0107 siebie i kreatywno\u015b\u0107. Przyci\u0105ga dobrobyt, sprzyja realizacji cel\u00f3w oraz pomaga uwalnia\u0107 l\u0119ki i blokady emocjonalne. Wspiera wewn\u0119trzn\u0105 harmoni\u0119, dodaje si\u0142 \u017cyciowych i roz\u015bwietla aur\u0119 pozytywn\u0105 wibracj\u0105. To kamie\u0144 manifestacji, rado\u015bci i lekko\u015bci serca. Wymiary produktu: Wysoko\u015b\u0107:+\/-4cm [&hellip;]<\/p>\n\t\t\t<\/div>\n\n\t\t\t<div class=\"after_shop_loop_actions\">\n\n\t\t\t\t<a href=\"\/index.php\/wp-json\/wp\/v2\/pages\/4805?add-to-cart=5221\" aria-describedby=\"woocommerce_loop_add_to_cart_link_describedby_5221\" data-quantity=\"1\" class=\"button product_type_simple add_to_cart_button ajax_add_to_cart\" data-product_id=\"5221\" data-product_sku=\"\" aria-label=\"Dodaj do koszyka: &bdquo;Cytryn otoczaki&rdquo;\" rel=\"nofollow\" data-success_message=\"&ldquo;Cytryn otoczaki&rdquo; zosta\u0142 dodany do twojego koszyka\" role=\"button\"><span class=\"text\">Dodaj do koszyka<\/span><span class=\"icon et-icon et-shopping-bag\"><\/span><\/a>\t<span id=\"woocommerce_loop_add_to_cart_link_describedby_5221\" class=\"screen-reader-text\">\n\t\t<\/span>\n\t\t\t<\/div>\n\n\t\t<\/div>\n\n\t\t\n\t<\/div>\n\n\t<\/div>\n\n<\/li>\n<li class=\"item et-listing-style1 col-6 col-sm-6 col-md-4 col-lg-3 small_grid_5 product type-product post-5223 status-publish last instock product_cat-cytryn product_cat-kamienie product_cat-surowy-cytryn has-post-thumbnail shipping-taxable purchasable product-type-simple\">\n\t<div class=\"product-inner animation fade\">\n\t\t<figure class=\"product_thumbnail et-image-hover\">  \n\t\t<a href=\"https:\/\/www.skarbyziemi-alis.pl\/index.php\/product\/cytryn-surowy\/\" title=\"Cytryn surowy\"><img loading=\"lazy\" decoding=\"async\" width=\"450\" height=\"600\" src=\"https:\/\/www.skarbyziemi-alis.pl\/wp-content\/uploads\/2026\/01\/Cytryn-surowy-450x600.jpg\" class=\"main-image skip-lazy\" alt=\"Cytryn surowy\" srcset=\"https:\/\/www.skarbyziemi-alis.pl\/wp-content\/uploads\/2026\/01\/Cytryn-surowy-450x600.jpg 450w, https:\/\/www.skarbyziemi-alis.pl\/wp-content\/uploads\/2026\/01\/Cytryn-surowy-225x300.jpg 225w, https:\/\/www.skarbyziemi-alis.pl\/wp-content\/uploads\/2026\/01\/Cytryn-surowy-113x150.jpg 113w, https:\/\/www.skarbyziemi-alis.pl\/wp-content\/uploads\/2026\/01\/Cytryn-surowy.jpg 600w\" sizes=\"auto, (max-width: 450px) 100vw, 450px\" \/><\/a>\n\t\t\t\t<div class=\"actions-wrapper\">\n\t\t\t\t\t\t\t\t\t\t\t\t<a href=https:\/\/www.skarbyziemi-alis.pl\/index.php\/product\/cytryn-surowy\/ title=\"Quick View\" data-product_id=\"5223\" class=\"et-quickview-btn et-tooltip product_type_simple\"><span class=\"text\">Quick View<\/span><span class=\"icon\"><span class=\"et-icon et-maximize-2\"><\/span><\/span><\/a>\t\t\t<\/div>\n\t<\/figure>\n\t<div class=\"caption\">\n\t\t<div class=\"product-title\">\n\t\t\t<h2><a class=\"product-link\" href=\"https:\/\/www.skarbyziemi-alis.pl\/index.php\/product\/cytryn-surowy\/\" title=\"Cytryn surowy\">Cytryn surowy<\/a><\/h2>\n\t\t\t<div class=\"yith-add-to-wishlist-button-block\" data-product-id=\"5223\" data-attributes=\"{&quot;kind&quot;:&quot;button&quot;}\"><\/div>\t\t<\/div>\n\t\t\n\t\t<div class=\"product_after_title\">\n\n\t\t\t<div class=\"product_after_shop_loop_price\">\n\t\t\t\t\n\t<span class=\"price\"><span class=\"woocommerce-Price-amount amount\"><bdi>12,00&nbsp;<span class=\"woocommerce-Price-currencySymbol\">&#122;&#322;<\/span><\/bdi><\/span><\/span>\n\t\t\t<\/div>\n\n\t\t\t<div class=\"product-excerpt\">\n\t\t\t\t<p>Cytryn- kamie\u0144 \u015bwiat\u0142a, rado\u015bci i obfito\u015bci.\u00a0Cytryn emanuje ciep\u0142\u0105, s\u0142oneczn\u0105 energi\u0105, kt\u00f3ra wzmacnia optymizm, pewno\u015b\u0107 siebie i kreatywno\u015b\u0107. Przyci\u0105ga dobrobyt, sprzyja realizacji cel\u00f3w oraz pomaga uwalnia\u0107 l\u0119ki i blokady emocjonalne. Wspiera wewn\u0119trzn\u0105 harmoni\u0119, dodaje si\u0142 \u017cyciowych i roz\u015bwietla aur\u0119 pozytywn\u0105 wibracj\u0105. To kamie\u0144 manifestacji, rado\u015bci i lekko\u015bci serca. Wymiary produktu: Wysoko\u015b\u0107:+\/-3-4,5cm [&hellip;]<\/p>\n\t\t\t<\/div>\n\n\t\t\t<div class=\"after_shop_loop_actions\">\n\n\t\t\t\t<a href=\"\/index.php\/wp-json\/wp\/v2\/pages\/4805?add-to-cart=5223\" aria-describedby=\"woocommerce_loop_add_to_cart_link_describedby_5223\" data-quantity=\"1\" class=\"button product_type_simple add_to_cart_button ajax_add_to_cart\" data-product_id=\"5223\" data-product_sku=\"\" aria-label=\"Dodaj do koszyka: &bdquo;Cytryn surowy&rdquo;\" rel=\"nofollow\" data-success_message=\"&ldquo;Cytryn surowy&rdquo; zosta\u0142 dodany do twojego koszyka\" role=\"button\"><span class=\"text\">Dodaj do koszyka<\/span><span class=\"icon et-icon et-shopping-bag\"><\/span><\/a>\t<span id=\"woocommerce_loop_add_to_cart_link_describedby_5223\" class=\"screen-reader-text\">\n\t\t<\/span>\n\t\t\t<\/div>\n\n\t\t<\/div>\n\n\t\t\n\t<\/div>\n\n\t<\/div>\n\n<\/li>\n<li class=\"item et-listing-style1 col-6 col-sm-6 col-md-4 col-lg-3 small_grid_5 product type-product post-5219 status-publish first instock product_cat-cytryn product_cat-kamienie product_cat-zawieszki-cytryn has-post-thumbnail shipping-taxable purchasable product-type-simple\">\n\t<div class=\"product-inner animation fade\">\n\t\t<figure class=\"product_thumbnail et-image-hover\">  \n\t\t<a href=\"https:\/\/www.skarbyziemi-alis.pl\/index.php\/product\/cytryn-zawieszka\/\" title=\"Cytryn zawieszka\"><img loading=\"lazy\" decoding=\"async\" width=\"450\" height=\"600\" src=\"https:\/\/www.skarbyziemi-alis.pl\/wp-content\/uploads\/2026\/01\/Cytryn-zawieszka-450x600.jpg\" class=\"main-image skip-lazy\" alt=\"Cytryn zawieszka\" srcset=\"https:\/\/www.skarbyziemi-alis.pl\/wp-content\/uploads\/2026\/01\/Cytryn-zawieszka-450x600.jpg 450w, https:\/\/www.skarbyziemi-alis.pl\/wp-content\/uploads\/2026\/01\/Cytryn-zawieszka-225x300.jpg 225w, https:\/\/www.skarbyziemi-alis.pl\/wp-content\/uploads\/2026\/01\/Cytryn-zawieszka-113x150.jpg 113w, https:\/\/www.skarbyziemi-alis.pl\/wp-content\/uploads\/2026\/01\/Cytryn-zawieszka.jpg 600w\" sizes=\"auto, (max-width: 450px) 100vw, 450px\" \/><\/a>\n\t\t\t\t<div class=\"actions-wrapper\">\n\t\t\t\t\t\t\t\t\t\t\t\t<a href=https:\/\/www.skarbyziemi-alis.pl\/index.php\/product\/cytryn-zawieszka\/ title=\"Quick View\" data-product_id=\"5219\" class=\"et-quickview-btn et-tooltip product_type_simple\"><span class=\"text\">Quick View<\/span><span class=\"icon\"><span class=\"et-icon et-maximize-2\"><\/span><\/span><\/a>\t\t\t<\/div>\n\t<\/figure>\n\t<div class=\"caption\">\n\t\t<div class=\"product-title\">\n\t\t\t<h2><a class=\"product-link\" href=\"https:\/\/www.skarbyziemi-alis.pl\/index.php\/product\/cytryn-zawieszka\/\" title=\"Cytryn zawieszka\">Cytryn zawieszka<\/a><\/h2>\n\t\t\t<div class=\"yith-add-to-wishlist-button-block\" data-product-id=\"5219\" data-attributes=\"{&quot;kind&quot;:&quot;button&quot;}\"><\/div>\t\t<\/div>\n\t\t\n\t\t<div class=\"product_after_title\">\n\n\t\t\t<div class=\"product_after_shop_loop_price\">\n\t\t\t\t\n\t<span class=\"price\"><span class=\"woocommerce-Price-amount amount\"><bdi>15,00&nbsp;<span class=\"woocommerce-Price-currencySymbol\">&#122;&#322;<\/span><\/bdi><\/span><\/span>\n\t\t\t<\/div>\n\n\t\t\t<div class=\"product-excerpt\">\n\t\t\t\t<p>Cytryn- kamie\u0144 \u015bwiat\u0142a, rado\u015bci i obfito\u015bci.\u00a0Cytryn emanuje ciep\u0142\u0105, s\u0142oneczn\u0105 energi\u0105, kt\u00f3ra wzmacnia optymizm, pewno\u015b\u0107 siebie i kreatywno\u015b\u0107. Przyci\u0105ga dobrobyt, sprzyja realizacji cel\u00f3w oraz pomaga uwalnia\u0107 l\u0119ki i blokady emocjonalne. Wspiera wewn\u0119trzn\u0105 harmoni\u0119, dodaje si\u0142 \u017cyciowych i roz\u015bwietla aur\u0119 pozytywn\u0105 wibracj\u0105. To kamie\u0144 manifestacji, rado\u015bci i lekko\u015bci serca. Wymiary produktu: (bez [&hellip;]<\/p>\n\t\t\t<\/div>\n\n\t\t\t<div class=\"after_shop_loop_actions\">\n\n\t\t\t\t<a href=\"\/index.php\/wp-json\/wp\/v2\/pages\/4805?add-to-cart=5219\" aria-describedby=\"woocommerce_loop_add_to_cart_link_describedby_5219\" data-quantity=\"1\" class=\"button product_type_simple add_to_cart_button ajax_add_to_cart\" data-product_id=\"5219\" data-product_sku=\"\" aria-label=\"Dodaj do koszyka: &bdquo;Cytryn zawieszka&rdquo;\" rel=\"nofollow\" data-success_message=\"&ldquo;Cytryn zawieszka&rdquo; zosta\u0142 dodany do twojego koszyka\" role=\"button\"><span class=\"text\">Dodaj do koszyka<\/span><span class=\"icon et-icon et-shopping-bag\"><\/span><\/a>\t<span id=\"woocommerce_loop_add_to_cart_link_describedby_5219\" class=\"screen-reader-text\">\n\t\t<\/span>\n\t\t\t<\/div>\n\n\t\t<\/div>\n\n\t\t\n\t<\/div>\n\n\t<\/div>\n\n<\/li><\/ul>\n<\/div>[\/vc_column][\/vc_row]\n<\/div>","protected":false},"excerpt":{"rendered":"<p>[vc_row content_placement=&#8221;middle&#8221;][vc_column width=&#8221;4\/5&#8243; offset=&#8221;vc_col-lg-offset-1&#8243;][vc_column_text css=&#8221;&#8221; animation=&#8221;animation scale&#8221;] [\/vc_column_text][vc_text_separator title=&#8221;Podkategorie&#8221;][\/vc_column][\/vc_row][vc_row et_column_align=&#8221;align-center&#8221; equal_height=&#8221;yes&#8221;][vc_column][\/vc_column][\/vc_row][vc_row][vc_column][vc_text_separator title=&#8221;Produkty&#8221; css=&#8221;&#8221;][\/vc_column][\/vc_row][vc_row][vc_column][\/vc_column][\/vc_row]<\/p>\n","protected":false},"author":1,"featured_media":0,"parent":4354,"menu_order":0,"comment_status":"closed","ping_status":"closed","template":"","meta":{"footnotes":""},"class_list":["post-4805","page","type-page","status-publish","hentry"],"_links":{"self":[{"href":"https:\/\/www.skarbyziemi-alis.pl\/index.php\/wp-json\/wp\/v2\/pages\/4805","targetHints":{"allow":["GET"]}}],"collection":[{"href":"https:\/\/www.skarbyziemi-alis.pl\/index.php\/wp-json\/wp\/v2\/pages"}],"about":[{"href":"https:\/\/www.skarbyziemi-alis.pl\/index.php\/wp-json\/wp\/v2\/types\/page"}],"author":[{"embeddable":true,"href":"https:\/\/www.skarbyziemi-alis.pl\/index.php\/wp-json\/wp\/v2\/users\/1"}],"replies":[{"embeddable":true,"href":"https:\/\/www.skarbyziemi-alis.pl\/index.php\/wp-json\/wp\/v2\/comments?post=4805"}],"version-history":[{"count":3,"href":"https:\/\/www.skarbyziemi-alis.pl\/index.php\/wp-json\/wp\/v2\/pages\/4805\/revisions"}],"predecessor-version":[{"id":6138,"href":"https:\/\/www.skarbyziemi-alis.pl\/index.php\/wp-json\/wp\/v2\/pages\/4805\/revisions\/6138"}],"up":[{"embeddable":true,"href":"https:\/\/www.skarbyziemi-alis.pl\/index.php\/wp-json\/wp\/v2\/pages\/4354"}],"wp:attachment":[{"href":"https:\/\/www.skarbyziemi-alis.pl\/index.php\/wp-json\/wp\/v2\/media?parent=4805"}],"curies":[{"name":"wp","href":"https:\/\/api.w.org\/{rel}","templated":true}]}}