{"id":6748,"date":"2026-04-15T18:00:42","date_gmt":"2026-04-15T18:00:42","guid":{"rendered":"https:\/\/www.skarbyziemi-alis.pl\/?page_id=6748"},"modified":"2026-04-15T18:00:42","modified_gmt":"2026-04-15T18:00:42","slug":"czakry-2","status":"publish","type":"page","link":"https:\/\/www.skarbyziemi-alis.pl\/index.php\/czakry-2\/","title":{"rendered":"Czakry"},"content":{"rendered":"<div class=\"wpb-content-wrapper\">[vc_row content_placement=&#8221;middle&#8221;][vc_column width=&#8221;4\/5&#8243; offset=&#8221;vc_col-lg-offset-1&#8243;][vc_column_text css=&#8221;&#8221; animation=&#8221;animation scale&#8221;]\n<figure class=\"wp-block-image size-full\"><img loading=\"lazy\" decoding=\"async\" class=\"aligncenter wp-image-5470 size-medium\" src=\"https:\/\/www.skarbyziemi-alis.pl\/wp-content\/uploads\/2026\/01\/Czakry-naszyjnik-sieczka-225x300.jpg\" alt=\"Czakry\" width=\"225\" height=\"300\" srcset=\"https:\/\/www.skarbyziemi-alis.pl\/wp-content\/uploads\/2026\/01\/Czakry-naszyjnik-sieczka-225x300.jpg 225w, https:\/\/www.skarbyziemi-alis.pl\/wp-content\/uploads\/2026\/01\/Czakry-naszyjnik-sieczka-113x150.jpg 113w, https:\/\/www.skarbyziemi-alis.pl\/wp-content\/uploads\/2026\/01\/Czakry-naszyjnik-sieczka-450x600.jpg 450w, https:\/\/www.skarbyziemi-alis.pl\/wp-content\/uploads\/2026\/01\/Czakry-naszyjnik-sieczka.jpg 750w\" sizes=\"auto, (max-width: 225px) 100vw, 225px\" \/><\/figure>\n[\/vc_column_text][vc_text_separator title=&#8221;Podkategorie&#8221;][\/vc_column][\/vc_row][vc_row et_column_align=&#8221;align-center&#8221; equal_height=&#8221;yes&#8221;][vc_column]\t\t<ul class=\"row products et-product-category-grid masonry et-loader sharp-corners style2\" data-layoutmode=\"packery\">\n\t\t\t\n<li class=\"item col-md-6 product-category product first\">\n\t<div class=\"et-category-inner\"><a href=\"https:\/\/www.skarbyziemi-alis.pl\/index.php\/product-category\/kamienie\/czakry\/bransoletki-czakry\/\" style=\"background-image:url(https:\/\/www.skarbyziemi-alis.pl\/wp-content\/uploads\/2026\/04\/Czakry-bransoletka-450x338.jpg)\"><div class=\"category-caption\">\t\t<h2 class=\"woocommerce-loop-category__title\">\n\t\t\tbransoletki<mark class=\"count\">2<\/mark>\t\t<\/h2>\n\t\t<\/div><\/a><\/div><\/li>\n\n<li class=\"item col-md-3 grid-sizer product-category product\">\n\t<div class=\"et-category-inner\"><a href=\"https:\/\/www.skarbyziemi-alis.pl\/index.php\/product-category\/kamienie\/czakry\/\" style=\"background-image:url(https:\/\/www.skarbyziemi-alis.pl\/wp-content\/uploads\/2026\/04\/Czakry-450x338.jpg)\"><div class=\"category-caption\">\t\t<h2 class=\"woocommerce-loop-category__title\">\n\t\t\tCzakry<mark class=\"count\">3<\/mark>\t\t<\/h2>\n\t\t<\/div><\/a><\/div><\/li>\n\n<li class=\"item col-md-3 product-category product\">\n\t<div class=\"et-category-inner\"><a href=\"https:\/\/www.skarbyziemi-alis.pl\/index.php\/product-category\/kamienie\/czakry\/naszyjniki-czakry\/\" style=\"background-image:url(https:\/\/www.skarbyziemi-alis.pl\/wp-content\/uploads\/2026\/04\/Czakry-naszyjnik-450x338.jpg)\"><div class=\"category-caption\">\t\t<h2 class=\"woocommerce-loop-category__title\">\n\t\t\tnaszyjniki<mark class=\"count\">1<\/mark>\t\t<\/h2>\n\t\t<\/div><\/a><\/div><\/li>\n\t\t<\/ul>\n\t\t[\/vc_column][\/vc_row][vc_row][vc_column][vc_text_separator title=&#8221;Produkty&#8221; css=&#8221;&#8221;][\/vc_column][\/vc_row][vc_row][vc_column]<div class=\"woocommerce columns-4 \">\n<ul class=\"products row et-main-products hover-animation-zoom-jump et-shop-show-variations et-shop-hover-images show-rating\" data-columns=\"4\" data-mobile-columns=\"2\" data-navigation=\"true\" data-pagination=\"true\" data-layoutmode=\"packery\">\n<li class=\"item et-listing-style1 col-6 col-sm-6 col-md-4 col-lg-3 small_grid_5 product type-product post-5467 status-publish first instock product_cat-bransoletki-czakry product_cat-czakry product_cat-kamienie has-post-thumbnail shipping-taxable purchasable product-type-simple\">\n\t<div class=\"product-inner animation fade\">\n\t\t<figure class=\"product_thumbnail et-image-hover\">  \n\t\t<a href=\"https:\/\/www.skarbyziemi-alis.pl\/index.php\/product\/czakry-bransoletka\/\" title=\"Czakry bransoletka 6mm\"><img loading=\"lazy\" decoding=\"async\" width=\"450\" height=\"600\" src=\"https:\/\/www.skarbyziemi-alis.pl\/wp-content\/uploads\/2026\/01\/Czakry-bransoletka-450x600.jpg\" class=\"main-image skip-lazy\" alt=\"Czakry bransoletka 6mm\" srcset=\"https:\/\/www.skarbyziemi-alis.pl\/wp-content\/uploads\/2026\/01\/Czakry-bransoletka-450x600.jpg 450w, https:\/\/www.skarbyziemi-alis.pl\/wp-content\/uploads\/2026\/01\/Czakry-bransoletka-225x300.jpg 225w, https:\/\/www.skarbyziemi-alis.pl\/wp-content\/uploads\/2026\/01\/Czakry-bransoletka-113x150.jpg 113w, https:\/\/www.skarbyziemi-alis.pl\/wp-content\/uploads\/2026\/01\/Czakry-bransoletka.jpg 750w\" sizes=\"auto, (max-width: 450px) 100vw, 450px\" \/><\/a>\n\t\t\t\t<div class=\"actions-wrapper\">\n\t\t\t\t\t\t\t\t\t\t\t\t<a href=https:\/\/www.skarbyziemi-alis.pl\/index.php\/product\/czakry-bransoletka\/ title=\"Quick View\" data-product_id=\"5467\" class=\"et-quickview-btn et-tooltip product_type_simple\"><span class=\"text\">Quick View<\/span><span class=\"icon\"><span class=\"et-icon et-maximize-2\"><\/span><\/span><\/a>\t\t\t<\/div>\n\t<\/figure>\n\t<div class=\"caption\">\n\t\t<div class=\"product-title\">\n\t\t\t<h2><a class=\"product-link\" href=\"https:\/\/www.skarbyziemi-alis.pl\/index.php\/product\/czakry-bransoletka\/\" title=\"Czakry bransoletka 6mm\">Czakry bransoletka 6mm<\/a><\/h2>\n\t\t\t<div class=\"yith-add-to-wishlist-button-block\" data-product-id=\"5467\" data-attributes=\"{&quot;kind&quot;:&quot;button&quot;}\"><\/div>\t\t<\/div>\n\t\t\n\t\t<div class=\"product_after_title\">\n\n\t\t\t<div class=\"product_after_shop_loop_price\">\n\t\t\t\t\n\t<span class=\"price\"><span class=\"woocommerce-Price-amount amount\"><bdi>49,00&nbsp;<span class=\"woocommerce-Price-currencySymbol\">&#122;&#322;<\/span><\/bdi><\/span><\/span>\n\t\t\t<\/div>\n\n\t\t\t<div class=\"product-excerpt\">\n\t\t\t\t<p>Czakry\u00a0to centra energetyczne w ciele. Odpowiadaj\u0105ce za r\u00f3wnowag\u0119 emocjonaln\u0105, fizyczn\u0105 i duchow\u0105. Gdy czakry s\u0105 w r\u00f3wnowadze, energia swobodnie przep\u0142ywa, wspieraj\u0105c harmoni\u0119 cia\u0142a i umys\u0142u. Ich prac\u0119 mo\u017cna wzmacnia\u0107 m.in. poprzez medytacj\u0119, kamienie naturalne i praktyki uwa\u017cno\u015bci. Istnieje 7 g\u0142\u00f3wnych czakr kt\u00f3re rozci\u0105gaj\u0105 si\u0119 od podstawy kr\u0119gos\u0142upa a\u017c do czubka [&hellip;]<\/p>\n\t\t\t<\/div>\n\n\t\t\t<div class=\"after_shop_loop_actions\">\n\n\t\t\t\t<a href=\"\/index.php\/wp-json\/wp\/v2\/pages\/6748?add-to-cart=5467\" aria-describedby=\"woocommerce_loop_add_to_cart_link_describedby_5467\" data-quantity=\"1\" class=\"button product_type_simple add_to_cart_button ajax_add_to_cart\" data-product_id=\"5467\" data-product_sku=\"\" aria-label=\"Dodaj do koszyka: &bdquo;Czakry bransoletka 6mm&rdquo;\" rel=\"nofollow\" data-success_message=\"&ldquo;Czakry bransoletka 6mm&rdquo; zosta\u0142 dodany do twojego koszyka\" role=\"button\"><span class=\"text\">Dodaj do koszyka<\/span><span class=\"icon et-icon et-shopping-bag\"><\/span><\/a>\t<span id=\"woocommerce_loop_add_to_cart_link_describedby_5467\" class=\"screen-reader-text\">\n\t\t<\/span>\n\t\t\t<\/div>\n\n\t\t<\/div>\n\n\t\t\n\t<\/div>\n\n\t<\/div>\n\n<\/li>\n<li class=\"item et-listing-style1 col-6 col-sm-6 col-md-4 col-lg-3 small_grid_5 product type-product post-5464 status-publish instock product_cat-bransoletki-czakry product_cat-czakry product_cat-kamienie has-post-thumbnail shipping-taxable purchasable product-type-simple\">\n\t<div class=\"product-inner animation fade\">\n\t\t<figure class=\"product_thumbnail et-image-hover\">  \n\t\t<a href=\"https:\/\/www.skarbyziemi-alis.pl\/index.php\/product\/czakry-bransoletka-sieczka\/\" title=\"Czakry bransoletka sieczka\"><img loading=\"lazy\" decoding=\"async\" width=\"450\" height=\"600\" src=\"https:\/\/www.skarbyziemi-alis.pl\/wp-content\/uploads\/2026\/01\/Czakry-bransoletka-sieczka-450x600.jpg\" class=\"main-image skip-lazy\" alt=\"Czakry bransoletka sieczka\" srcset=\"https:\/\/www.skarbyziemi-alis.pl\/wp-content\/uploads\/2026\/01\/Czakry-bransoletka-sieczka-450x600.jpg 450w, https:\/\/www.skarbyziemi-alis.pl\/wp-content\/uploads\/2026\/01\/Czakry-bransoletka-sieczka-225x300.jpg 225w, https:\/\/www.skarbyziemi-alis.pl\/wp-content\/uploads\/2026\/01\/Czakry-bransoletka-sieczka-113x150.jpg 113w, https:\/\/www.skarbyziemi-alis.pl\/wp-content\/uploads\/2026\/01\/Czakry-bransoletka-sieczka.jpg 750w\" sizes=\"auto, (max-width: 450px) 100vw, 450px\" \/><\/a>\n\t\t\t\t<div class=\"actions-wrapper\">\n\t\t\t\t\t\t\t\t\t\t\t\t<a href=https:\/\/www.skarbyziemi-alis.pl\/index.php\/product\/czakry-bransoletka-sieczka\/ title=\"Quick View\" data-product_id=\"5464\" class=\"et-quickview-btn et-tooltip product_type_simple\"><span class=\"text\">Quick View<\/span><span class=\"icon\"><span class=\"et-icon et-maximize-2\"><\/span><\/span><\/a>\t\t\t<\/div>\n\t<\/figure>\n\t<div class=\"caption\">\n\t\t<div class=\"product-title\">\n\t\t\t<h2><a class=\"product-link\" href=\"https:\/\/www.skarbyziemi-alis.pl\/index.php\/product\/czakry-bransoletka-sieczka\/\" title=\"Czakry bransoletka sieczka\">Czakry bransoletka sieczka<\/a><\/h2>\n\t\t\t<div class=\"yith-add-to-wishlist-button-block\" data-product-id=\"5464\" data-attributes=\"{&quot;kind&quot;:&quot;button&quot;}\"><\/div>\t\t<\/div>\n\t\t\n\t\t<div class=\"product_after_title\">\n\n\t\t\t<div class=\"product_after_shop_loop_price\">\n\t\t\t\t\n\t<span class=\"price\"><span class=\"woocommerce-Price-amount amount\"><bdi>33,00&nbsp;<span class=\"woocommerce-Price-currencySymbol\">&#122;&#322;<\/span><\/bdi><\/span><\/span>\n\t\t\t<\/div>\n\n\t\t\t<div class=\"product-excerpt\">\n\t\t\t\t<p>Czakry\u00a0to centra energetyczne w ciele. Odpowiadaj\u0105ce za r\u00f3wnowag\u0119 emocjonaln\u0105, fizyczn\u0105 i duchow\u0105. Gdy czakry s\u0105 w r\u00f3wnowadze, energia swobodnie przep\u0142ywa, wspieraj\u0105c harmoni\u0119 cia\u0142a i umys\u0142u. Ich prac\u0119 mo\u017cna wzmacnia\u0107 m.in. poprzez medytacj\u0119, kamienie naturalne i praktyki uwa\u017cno\u015bci. Istnieje 7 g\u0142\u00f3wnych czakr kt\u00f3re rozci\u0105gaj\u0105 si\u0119 od podstawy kr\u0119gos\u0142upa a\u017c do czubka [&hellip;]<\/p>\n\t\t\t<\/div>\n\n\t\t\t<div class=\"after_shop_loop_actions\">\n\n\t\t\t\t<a href=\"\/index.php\/wp-json\/wp\/v2\/pages\/6748?add-to-cart=5464\" aria-describedby=\"woocommerce_loop_add_to_cart_link_describedby_5464\" data-quantity=\"1\" class=\"button product_type_simple add_to_cart_button ajax_add_to_cart\" data-product_id=\"5464\" data-product_sku=\"\" aria-label=\"Dodaj do koszyka: &bdquo;Czakry bransoletka sieczka&rdquo;\" rel=\"nofollow\" data-success_message=\"&ldquo;Czakry bransoletka sieczka&rdquo; zosta\u0142 dodany do twojego koszyka\" role=\"button\"><span class=\"text\">Dodaj do koszyka<\/span><span class=\"icon et-icon et-shopping-bag\"><\/span><\/a>\t<span id=\"woocommerce_loop_add_to_cart_link_describedby_5464\" class=\"screen-reader-text\">\n\t\t<\/span>\n\t\t\t<\/div>\n\n\t\t<\/div>\n\n\t\t\n\t<\/div>\n\n\t<\/div>\n\n<\/li>\n<li class=\"item et-listing-style1 col-6 col-sm-6 col-md-4 col-lg-3 small_grid_5 product type-product post-5469 status-publish instock product_cat-czakry product_cat-kamienie product_cat-naszyjniki-czakry has-post-thumbnail shipping-taxable purchasable product-type-simple\">\n\t<div class=\"product-inner animation fade\">\n\t\t<figure class=\"product_thumbnail et-image-hover\">  \n\t\t<a href=\"https:\/\/www.skarbyziemi-alis.pl\/index.php\/product\/czakry-naszyjnik\/\" title=\"Czakry naszyjnik sieczka 86cm\"><img loading=\"lazy\" decoding=\"async\" width=\"450\" height=\"600\" src=\"https:\/\/www.skarbyziemi-alis.pl\/wp-content\/uploads\/2026\/01\/Czakry-naszyjnik-sieczka-450x600.jpg\" class=\"main-image skip-lazy\" alt=\"Czakry naszyjnik sieczka 86cm\" srcset=\"https:\/\/www.skarbyziemi-alis.pl\/wp-content\/uploads\/2026\/01\/Czakry-naszyjnik-sieczka-450x600.jpg 450w, https:\/\/www.skarbyziemi-alis.pl\/wp-content\/uploads\/2026\/01\/Czakry-naszyjnik-sieczka-225x300.jpg 225w, https:\/\/www.skarbyziemi-alis.pl\/wp-content\/uploads\/2026\/01\/Czakry-naszyjnik-sieczka-113x150.jpg 113w, https:\/\/www.skarbyziemi-alis.pl\/wp-content\/uploads\/2026\/01\/Czakry-naszyjnik-sieczka.jpg 750w\" sizes=\"auto, (max-width: 450px) 100vw, 450px\" \/><\/a>\n\t\t\t\t<div class=\"actions-wrapper\">\n\t\t\t\t\t\t\t\t\t\t\t\t<a href=https:\/\/www.skarbyziemi-alis.pl\/index.php\/product\/czakry-naszyjnik\/ title=\"Quick View\" data-product_id=\"5469\" class=\"et-quickview-btn et-tooltip product_type_simple\"><span class=\"text\">Quick View<\/span><span class=\"icon\"><span class=\"et-icon et-maximize-2\"><\/span><\/span><\/a>\t\t\t<\/div>\n\t<\/figure>\n\t<div class=\"caption\">\n\t\t<div class=\"product-title\">\n\t\t\t<h2><a class=\"product-link\" href=\"https:\/\/www.skarbyziemi-alis.pl\/index.php\/product\/czakry-naszyjnik\/\" title=\"Czakry naszyjnik sieczka 86cm\">Czakry naszyjnik sieczka 86cm<\/a><\/h2>\n\t\t\t<div class=\"yith-add-to-wishlist-button-block\" data-product-id=\"5469\" data-attributes=\"{&quot;kind&quot;:&quot;button&quot;}\"><\/div>\t\t<\/div>\n\t\t\n\t\t<div class=\"product_after_title\">\n\n\t\t\t<div class=\"product_after_shop_loop_price\">\n\t\t\t\t\n\t<span class=\"price\"><span class=\"woocommerce-Price-amount amount\"><bdi>89,00&nbsp;<span class=\"woocommerce-Price-currencySymbol\">&#122;&#322;<\/span><\/bdi><\/span><\/span>\n\t\t\t<\/div>\n\n\t\t\t<div class=\"product-excerpt\">\n\t\t\t\t<p>Czakry\u00a0to centra energetyczne w ciele. Odpowiadaj\u0105ce za r\u00f3wnowag\u0119 emocjonaln\u0105, fizyczn\u0105 i duchow\u0105. Gdy czakry s\u0105 w r\u00f3wnowadze, energia swobodnie przep\u0142ywa, wspieraj\u0105c harmoni\u0119 cia\u0142a i umys\u0142u. Ich prac\u0119 mo\u017cna wzmacnia\u0107 m.in. poprzez medytacj\u0119, kamienie naturalne i praktyki uwa\u017cno\u015bci. Istnieje 7 g\u0142\u00f3wnych czakr kt\u00f3re rozci\u0105gaj\u0105 si\u0119 od podstawy kr\u0119gos\u0142upa a\u017c do czubka [&hellip;]<\/p>\n\t\t\t<\/div>\n\n\t\t\t<div class=\"after_shop_loop_actions\">\n\n\t\t\t\t<a href=\"\/index.php\/wp-json\/wp\/v2\/pages\/6748?add-to-cart=5469\" aria-describedby=\"woocommerce_loop_add_to_cart_link_describedby_5469\" data-quantity=\"1\" class=\"button product_type_simple add_to_cart_button ajax_add_to_cart\" data-product_id=\"5469\" data-product_sku=\"\" aria-label=\"Dodaj do koszyka: &bdquo;Czakry naszyjnik sieczka 86cm&rdquo;\" rel=\"nofollow\" data-success_message=\"&ldquo;Czakry naszyjnik sieczka 86cm&rdquo; zosta\u0142 dodany do twojego koszyka\" role=\"button\"><span class=\"text\">Dodaj do koszyka<\/span><span class=\"icon et-icon et-shopping-bag\"><\/span><\/a>\t<span id=\"woocommerce_loop_add_to_cart_link_describedby_5469\" class=\"screen-reader-text\">\n\t\t<\/span>\n\t\t\t<\/div>\n\n\t\t<\/div>\n\n\t\t\n\t<\/div>\n\n\t<\/div>\n\n<\/li><\/ul>\n<\/div>[\/vc_column][\/vc_row]\n<\/div>","protected":false},"excerpt":{"rendered":"<p>[vc_row content_placement=&#8221;middle&#8221;][vc_column width=&#8221;4\/5&#8243; offset=&#8221;vc_col-lg-offset-1&#8243;][vc_column_text css=&#8221;&#8221; animation=&#8221;animation scale&#8221;] [\/vc_column_text][vc_text_separator title=&#8221;Podkategorie&#8221;][\/vc_column][\/vc_row][vc_row et_column_align=&#8221;align-center&#8221; equal_height=&#8221;yes&#8221;][vc_column][\/vc_column][\/vc_row][vc_row][vc_column][vc_text_separator title=&#8221;Produkty&#8221; css=&#8221;&#8221;][\/vc_column][\/vc_row][vc_row][vc_column][\/vc_column][\/vc_row]<\/p>\n","protected":false},"author":1,"featured_media":0,"parent":0,"menu_order":0,"comment_status":"closed","ping_status":"closed","template":"","meta":{"footnotes":""},"class_list":["post-6748","page","type-page","status-publish","hentry"],"_links":{"self":[{"href":"https:\/\/www.skarbyziemi-alis.pl\/index.php\/wp-json\/wp\/v2\/pages\/6748","targetHints":{"allow":["GET"]}}],"collection":[{"href":"https:\/\/www.skarbyziemi-alis.pl\/index.php\/wp-json\/wp\/v2\/pages"}],"about":[{"href":"https:\/\/www.skarbyziemi-alis.pl\/index.php\/wp-json\/wp\/v2\/types\/page"}],"author":[{"embeddable":true,"href":"https:\/\/www.skarbyziemi-alis.pl\/index.php\/wp-json\/wp\/v2\/users\/1"}],"replies":[{"embeddable":true,"href":"https:\/\/www.skarbyziemi-alis.pl\/index.php\/wp-json\/wp\/v2\/comments?post=6748"}],"version-history":[{"count":2,"href":"https:\/\/www.skarbyziemi-alis.pl\/index.php\/wp-json\/wp\/v2\/pages\/6748\/revisions"}],"predecessor-version":[{"id":6750,"href":"https:\/\/www.skarbyziemi-alis.pl\/index.php\/wp-json\/wp\/v2\/pages\/6748\/revisions\/6750"}],"wp:attachment":[{"href":"https:\/\/www.skarbyziemi-alis.pl\/index.php\/wp-json\/wp\/v2\/media?parent=6748"}],"curies":[{"name":"wp","href":"https:\/\/api.w.org\/{rel}","templated":true}]}}