{"id":6759,"date":"2026-04-15T18:20:54","date_gmt":"2026-04-15T18:20:54","guid":{"rendered":"https:\/\/www.skarbyziemi-alis.pl\/?page_id=6759"},"modified":"2026-04-15T18:20:54","modified_gmt":"2026-04-15T18:20:54","slug":"drzewo-skamieniale","status":"publish","type":"page","link":"https:\/\/www.skarbyziemi-alis.pl\/index.php\/kamienie-mineraly\/drzewo-skamieniale\/","title":{"rendered":"Drzewo skamienia\u0142e"},"content":{"rendered":"<div class=\"wpb-content-wrapper\">[vc_row content_placement=&#8221;middle&#8221;][vc_column width=&#8221;4\/5&#8243; offset=&#8221;vc_col-lg-offset-1&#8243;][vc_column_text css=&#8221;&#8221; animation=&#8221;animation scale&#8221;]\n<figure class=\"wp-block-image size-full\"><img loading=\"lazy\" decoding=\"async\" class=\"aligncenter wp-image-5690 size-medium\" src=\"https:\/\/www.skarbyziemi-alis.pl\/wp-content\/uploads\/2026\/01\/Drzewo-skamieniale-3-225x300.jpg\" alt=\"Drzewo skamienia\u0142e\" width=\"225\" height=\"300\" srcset=\"https:\/\/www.skarbyziemi-alis.pl\/wp-content\/uploads\/2026\/01\/Drzewo-skamieniale-3-225x300.jpg 225w, https:\/\/www.skarbyziemi-alis.pl\/wp-content\/uploads\/2026\/01\/Drzewo-skamieniale-3-113x150.jpg 113w, https:\/\/www.skarbyziemi-alis.pl\/wp-content\/uploads\/2026\/01\/Drzewo-skamieniale-3-450x600.jpg 450w, https:\/\/www.skarbyziemi-alis.pl\/wp-content\/uploads\/2026\/01\/Drzewo-skamieniale-3.jpg 750w\" sizes=\"auto, (max-width: 225px) 100vw, 225px\" \/><\/figure>\n[\/vc_column_text][vc_text_separator title=&#8221;Podkategorie&#8221;][\/vc_column][\/vc_row][vc_row et_column_align=&#8221;align-center&#8221; equal_height=&#8221;yes&#8221;][vc_column]\t\t<ul class=\"row products et-product-category-grid masonry et-loader sharp-corners style2\" data-layoutmode=\"packery\">\n\t\t\t\n<li class=\"item col-md-6 product-category product first\">\n\t<div class=\"et-category-inner\"><a href=\"https:\/\/www.skarbyziemi-alis.pl\/index.php\/product-category\/kamienie\/drzewo-skamieniale\/\" style=\"background-image:url(https:\/\/www.skarbyziemi-alis.pl\/wp-content\/uploads\/2026\/04\/Drzewo-skamieniale-450x338.jpg)\"><div class=\"category-caption\">\t\t<h2 class=\"woocommerce-loop-category__title\">\n\t\t\tDrzewo skamienia\u0142e<mark class=\"count\">3<\/mark>\t\t<\/h2>\n\t\t<\/div><\/a><\/div><\/li>\n\n<li class=\"item col-md-3 grid-sizer product-category product\">\n\t<div class=\"et-category-inner\"><a href=\"https:\/\/www.skarbyziemi-alis.pl\/index.php\/product-category\/kamienie\/drzewo-skamieniale\/plastry-drzewo-skamieniale\/\" style=\"background-image:url(https:\/\/www.skarbyziemi-alis.pl\/wp-content\/uploads\/2026\/04\/Drzewo-skamieniale-plaster-450x600.jpg)\"><div class=\"category-caption\">\t\t<h2 class=\"woocommerce-loop-category__title\">\n\t\t\tplastry<mark class=\"count\">3<\/mark>\t\t<\/h2>\n\t\t<\/div><\/a><\/div><\/li>\n\t\t<\/ul>\n\t\t[\/vc_column][\/vc_row][vc_row][vc_column][vc_text_separator title=&#8221;Produkty&#8221; css=&#8221;&#8221;][\/vc_column][\/vc_row][vc_row][vc_column]<div class=\"woocommerce columns-4 \">\n<ul class=\"products row et-main-products hover-animation-zoom-jump et-shop-show-variations et-shop-hover-images show-rating\" data-columns=\"4\" data-mobile-columns=\"2\" data-navigation=\"true\" data-pagination=\"true\" data-layoutmode=\"packery\">\n<li class=\"item et-listing-style1 col-6 col-sm-6 col-md-4 col-lg-3 small_grid_5 product type-product post-5682 status-publish first instock product_cat-drzewo-skamieniale-skamienialosci product_cat-drzewo-skamieniale product_cat-kamienie product_cat-plastry-drzewo-skamieniale product_cat-skamienialosci has-post-thumbnail shipping-taxable purchasable product-type-simple\">\n\t<div class=\"product-inner animation fade\">\n\t\t<figure class=\"product_thumbnail et-image-hover\">  \n\t\t<a href=\"https:\/\/www.skarbyziemi-alis.pl\/index.php\/product\/skamieniale-drzewo-plaster-1\/\" title=\"Drzewo skamienia\u0142e plaster 1\"><img loading=\"lazy\" decoding=\"async\" width=\"450\" height=\"600\" src=\"https:\/\/www.skarbyziemi-alis.pl\/wp-content\/uploads\/2026\/01\/Drzewo-skamieniale-1-2-450x600.jpg\" class=\"main-image skip-lazy\" alt=\"Drzewo skamienia\u0142e plaster 1\" srcset=\"https:\/\/www.skarbyziemi-alis.pl\/wp-content\/uploads\/2026\/01\/Drzewo-skamieniale-1-2-450x600.jpg 450w, https:\/\/www.skarbyziemi-alis.pl\/wp-content\/uploads\/2026\/01\/Drzewo-skamieniale-1-2-225x300.jpg 225w, https:\/\/www.skarbyziemi-alis.pl\/wp-content\/uploads\/2026\/01\/Drzewo-skamieniale-1-2-113x150.jpg 113w, https:\/\/www.skarbyziemi-alis.pl\/wp-content\/uploads\/2026\/01\/Drzewo-skamieniale-1-2.jpg 750w\" sizes=\"auto, (max-width: 450px) 100vw, 450px\" \/><img loading=\"lazy\" decoding=\"async\" width=\"450\" height=\"600\" src=\"https:\/\/www.skarbyziemi-alis.pl\/wp-content\/uploads\/2026\/01\/Drzewo-skamieniale-1-450x600.jpg\" class=\"product_thumbnail_hover\" alt=\"\" srcset=\"https:\/\/www.skarbyziemi-alis.pl\/wp-content\/uploads\/2026\/01\/Drzewo-skamieniale-1-450x600.jpg 450w, https:\/\/www.skarbyziemi-alis.pl\/wp-content\/uploads\/2026\/01\/Drzewo-skamieniale-1-225x300.jpg 225w, https:\/\/www.skarbyziemi-alis.pl\/wp-content\/uploads\/2026\/01\/Drzewo-skamieniale-1-113x150.jpg 113w, https:\/\/www.skarbyziemi-alis.pl\/wp-content\/uploads\/2026\/01\/Drzewo-skamieniale-1.jpg 750w\" sizes=\"auto, (max-width: 450px) 100vw, 450px\" \/><\/a>\n\t\t\t\t<div class=\"actions-wrapper\">\n\t\t\t\t\t\t\t\t\t\t\t\t<a href=https:\/\/www.skarbyziemi-alis.pl\/index.php\/product\/skamieniale-drzewo-plaster-1\/ title=\"Quick View\" data-product_id=\"5682\" class=\"et-quickview-btn et-tooltip product_type_simple\"><span class=\"text\">Quick View<\/span><span class=\"icon\"><span class=\"et-icon et-maximize-2\"><\/span><\/span><\/a>\t\t\t<\/div>\n\t<\/figure>\n\t<div class=\"caption\">\n\t\t<div class=\"product-title\">\n\t\t\t<h2><a class=\"product-link\" href=\"https:\/\/www.skarbyziemi-alis.pl\/index.php\/product\/skamieniale-drzewo-plaster-1\/\" title=\"Drzewo skamienia\u0142e plaster 1\">Drzewo skamienia\u0142e plaster 1<\/a><\/h2>\n\t\t\t<div class=\"yith-add-to-wishlist-button-block\" data-product-id=\"5682\" data-attributes=\"{&quot;kind&quot;:&quot;button&quot;}\"><\/div>\t\t<\/div>\n\t\t\n\t\t<div class=\"product_after_title\">\n\n\t\t\t<div class=\"product_after_shop_loop_price\">\n\t\t\t\t\n\t<span class=\"price\"><span class=\"woocommerce-Price-amount amount\"><bdi>190,00&nbsp;<span class=\"woocommerce-Price-currencySymbol\">&#122;&#322;<\/span><\/bdi><\/span><\/span>\n\t\t\t<\/div>\n\n\t\t\t<div class=\"product-excerpt\">\n\t\t\t\t<p>Skamienia\u0142e drzewo-naturalna skamienia\u0142o\u015b\u0107 powsta\u0142a w wyniku zast\u0105pienie struktury drewna minera\u0142ami na przestrzeni milion\u00f3w lat. Zachowuje rysunek s\u0142oj\u00f3w, \u0142\u0105cz\u0105c energi\u0119 natury z trwa\u0142o\u015bci\u0105 kamienia. Symbolizuje stabilno\u015b\u0107, cierpliwo\u015b\u0107 i uziemienie. Wspiera poczucie bezpiecze\u0144stwa, spok\u00f3j oraz wi\u0119\u017a z natur\u0105. Cenione w bi\u017cuterii i dekoracjach jako kamie\u0144 r\u00f3wnowagi i si\u0142y. Wymiary produktu: Wysoko\u015b\u0107:+\/-13cm Szeroko\u015b\u0107:+\/-11cm [&hellip;]<\/p>\n\t\t\t<\/div>\n\n\t\t\t<div class=\"after_shop_loop_actions\">\n\n\t\t\t\t<a href=\"\/index.php\/wp-json\/wp\/v2\/pages\/6759?add-to-cart=5682\" aria-describedby=\"woocommerce_loop_add_to_cart_link_describedby_5682\" data-quantity=\"1\" class=\"button product_type_simple add_to_cart_button ajax_add_to_cart\" data-product_id=\"5682\" data-product_sku=\"\" aria-label=\"Dodaj do koszyka: &bdquo;Drzewo skamienia\u0142e plaster 1&rdquo;\" rel=\"nofollow\" data-success_message=\"&ldquo;Drzewo skamienia\u0142e plaster 1&rdquo; zosta\u0142 dodany do twojego koszyka\" role=\"button\"><span class=\"text\">Dodaj do koszyka<\/span><span class=\"icon et-icon et-shopping-bag\"><\/span><\/a>\t<span id=\"woocommerce_loop_add_to_cart_link_describedby_5682\" class=\"screen-reader-text\">\n\t\t<\/span>\n\t\t\t<\/div>\n\n\t\t<\/div>\n\n\t\t\n\t<\/div>\n\n\t<\/div>\n\n<\/li>\n<li class=\"item et-listing-style1 col-6 col-sm-6 col-md-4 col-lg-3 small_grid_5 product type-product post-5685 status-publish instock product_cat-drzewo-skamieniale-skamienialosci product_cat-drzewo-skamieniale product_cat-kamienie product_cat-plastry-drzewo-skamieniale product_cat-skamienialosci has-post-thumbnail shipping-taxable purchasable product-type-simple\">\n\t<div class=\"product-inner animation fade\">\n\t\t<figure class=\"product_thumbnail et-image-hover\">  \n\t\t<a href=\"https:\/\/www.skarbyziemi-alis.pl\/index.php\/product\/drzewo-skamieniale-plaster-2\/\" title=\"Drzewo skamienia\u0142e plaster 2\"><img loading=\"lazy\" decoding=\"async\" width=\"450\" height=\"600\" src=\"https:\/\/www.skarbyziemi-alis.pl\/wp-content\/uploads\/2026\/01\/Drzewo-skamieniale-2-2-450x600.jpg\" class=\"main-image skip-lazy\" alt=\"Drzewo skamienia\u0142e plaster 2\" srcset=\"https:\/\/www.skarbyziemi-alis.pl\/wp-content\/uploads\/2026\/01\/Drzewo-skamieniale-2-2-450x600.jpg 450w, https:\/\/www.skarbyziemi-alis.pl\/wp-content\/uploads\/2026\/01\/Drzewo-skamieniale-2-2-225x300.jpg 225w, https:\/\/www.skarbyziemi-alis.pl\/wp-content\/uploads\/2026\/01\/Drzewo-skamieniale-2-2-113x150.jpg 113w, https:\/\/www.skarbyziemi-alis.pl\/wp-content\/uploads\/2026\/01\/Drzewo-skamieniale-2-2.jpg 750w\" sizes=\"auto, (max-width: 450px) 100vw, 450px\" \/><img loading=\"lazy\" decoding=\"async\" width=\"450\" height=\"600\" src=\"https:\/\/www.skarbyziemi-alis.pl\/wp-content\/uploads\/2026\/01\/Drzewo-skamieniale-2-450x600.jpg\" class=\"product_thumbnail_hover\" alt=\"\" srcset=\"https:\/\/www.skarbyziemi-alis.pl\/wp-content\/uploads\/2026\/01\/Drzewo-skamieniale-2-450x600.jpg 450w, https:\/\/www.skarbyziemi-alis.pl\/wp-content\/uploads\/2026\/01\/Drzewo-skamieniale-2-225x300.jpg 225w, https:\/\/www.skarbyziemi-alis.pl\/wp-content\/uploads\/2026\/01\/Drzewo-skamieniale-2-113x150.jpg 113w, https:\/\/www.skarbyziemi-alis.pl\/wp-content\/uploads\/2026\/01\/Drzewo-skamieniale-2.jpg 750w\" sizes=\"auto, (max-width: 450px) 100vw, 450px\" \/><\/a>\n\t\t\t\t<div class=\"actions-wrapper\">\n\t\t\t\t\t\t\t\t\t\t\t\t<a href=https:\/\/www.skarbyziemi-alis.pl\/index.php\/product\/drzewo-skamieniale-plaster-2\/ title=\"Quick View\" data-product_id=\"5685\" class=\"et-quickview-btn et-tooltip product_type_simple\"><span class=\"text\">Quick View<\/span><span class=\"icon\"><span class=\"et-icon et-maximize-2\"><\/span><\/span><\/a>\t\t\t<\/div>\n\t<\/figure>\n\t<div class=\"caption\">\n\t\t<div class=\"product-title\">\n\t\t\t<h2><a class=\"product-link\" href=\"https:\/\/www.skarbyziemi-alis.pl\/index.php\/product\/drzewo-skamieniale-plaster-2\/\" title=\"Drzewo skamienia\u0142e plaster 2\">Drzewo skamienia\u0142e plaster 2<\/a><\/h2>\n\t\t\t<div class=\"yith-add-to-wishlist-button-block\" data-product-id=\"5685\" data-attributes=\"{&quot;kind&quot;:&quot;button&quot;}\"><\/div>\t\t<\/div>\n\t\t\n\t\t<div class=\"product_after_title\">\n\n\t\t\t<div class=\"product_after_shop_loop_price\">\n\t\t\t\t\n\t<span class=\"price\"><span class=\"woocommerce-Price-amount amount\"><bdi>45,00&nbsp;<span class=\"woocommerce-Price-currencySymbol\">&#122;&#322;<\/span><\/bdi><\/span><\/span>\n\t\t\t<\/div>\n\n\t\t\t<div class=\"product-excerpt\">\n\t\t\t\t<p>Skamienia\u0142e drzewo-naturalna skamienia\u0142o\u015b\u0107 powsta\u0142a w wyniku zast\u0105pienie struktury drewna minera\u0142ami na przestrzeni milion\u00f3w lat. Zachowuje rysunek s\u0142oj\u00f3w, \u0142\u0105cz\u0105c energi\u0119 natury z trwa\u0142o\u015bci\u0105 kamienia. Symbolizuje stabilno\u015b\u0107, cierpliwo\u015b\u0107 i uziemienie. Wspiera poczucie bezpiecze\u0144stwa, spok\u00f3j oraz wi\u0119\u017a z natur\u0105. Cenione w bi\u017cuterii i dekoracjach jako kamie\u0144 r\u00f3wnowagi i si\u0142y. Wymiary produktu: Wysoko\u015b\u0107:+\/-8cm Szeroko\u015b\u0107:+\/-6,5cm [&hellip;]<\/p>\n\t\t\t<\/div>\n\n\t\t\t<div class=\"after_shop_loop_actions\">\n\n\t\t\t\t<a href=\"\/index.php\/wp-json\/wp\/v2\/pages\/6759?add-to-cart=5685\" aria-describedby=\"woocommerce_loop_add_to_cart_link_describedby_5685\" data-quantity=\"1\" class=\"button product_type_simple add_to_cart_button ajax_add_to_cart\" data-product_id=\"5685\" data-product_sku=\"\" aria-label=\"Dodaj do koszyka: &bdquo;Drzewo skamienia\u0142e plaster 2&rdquo;\" rel=\"nofollow\" data-success_message=\"&ldquo;Drzewo skamienia\u0142e plaster 2&rdquo; zosta\u0142 dodany do twojego koszyka\" role=\"button\"><span class=\"text\">Dodaj do koszyka<\/span><span class=\"icon et-icon et-shopping-bag\"><\/span><\/a>\t<span id=\"woocommerce_loop_add_to_cart_link_describedby_5685\" class=\"screen-reader-text\">\n\t\t<\/span>\n\t\t\t<\/div>\n\n\t\t<\/div>\n\n\t\t\n\t<\/div>\n\n\t<\/div>\n\n<\/li>\n<li class=\"item et-listing-style1 col-6 col-sm-6 col-md-4 col-lg-3 small_grid_5 product type-product post-5688 status-publish instock product_cat-drzewo-skamieniale product_cat-drzewo-skamieniale-skamienialosci product_cat-kamienie product_cat-plastry-drzewo-skamieniale product_cat-skamienialosci has-post-thumbnail shipping-taxable purchasable product-type-simple\">\n\t<div class=\"product-inner animation fade\">\n\t\t<figure class=\"product_thumbnail et-image-hover\">  \n\t\t<a href=\"https:\/\/www.skarbyziemi-alis.pl\/index.php\/product\/drzewo-skamieniale-plaster-3\/\" title=\"Drzewo skamienia\u0142e plaster 3\"><img loading=\"lazy\" decoding=\"async\" width=\"450\" height=\"600\" src=\"https:\/\/www.skarbyziemi-alis.pl\/wp-content\/uploads\/2026\/01\/Drzewo-skamieniale-3-2-450x600.jpg\" class=\"main-image skip-lazy\" alt=\"Drzewo skamienia\u0142e plaster 3\" srcset=\"https:\/\/www.skarbyziemi-alis.pl\/wp-content\/uploads\/2026\/01\/Drzewo-skamieniale-3-2-450x600.jpg 450w, https:\/\/www.skarbyziemi-alis.pl\/wp-content\/uploads\/2026\/01\/Drzewo-skamieniale-3-2-225x300.jpg 225w, https:\/\/www.skarbyziemi-alis.pl\/wp-content\/uploads\/2026\/01\/Drzewo-skamieniale-3-2-113x150.jpg 113w, https:\/\/www.skarbyziemi-alis.pl\/wp-content\/uploads\/2026\/01\/Drzewo-skamieniale-3-2.jpg 750w\" sizes=\"auto, (max-width: 450px) 100vw, 450px\" \/><img loading=\"lazy\" decoding=\"async\" width=\"450\" height=\"600\" src=\"https:\/\/www.skarbyziemi-alis.pl\/wp-content\/uploads\/2026\/01\/Drzewo-skamieniale-3-450x600.jpg\" class=\"product_thumbnail_hover\" alt=\"\" srcset=\"https:\/\/www.skarbyziemi-alis.pl\/wp-content\/uploads\/2026\/01\/Drzewo-skamieniale-3-450x600.jpg 450w, https:\/\/www.skarbyziemi-alis.pl\/wp-content\/uploads\/2026\/01\/Drzewo-skamieniale-3-225x300.jpg 225w, https:\/\/www.skarbyziemi-alis.pl\/wp-content\/uploads\/2026\/01\/Drzewo-skamieniale-3-113x150.jpg 113w, https:\/\/www.skarbyziemi-alis.pl\/wp-content\/uploads\/2026\/01\/Drzewo-skamieniale-3.jpg 750w\" sizes=\"auto, (max-width: 450px) 100vw, 450px\" \/><\/a>\n\t\t\t\t<div class=\"actions-wrapper\">\n\t\t\t\t\t\t\t\t\t\t\t\t<a href=https:\/\/www.skarbyziemi-alis.pl\/index.php\/product\/drzewo-skamieniale-plaster-3\/ title=\"Quick View\" data-product_id=\"5688\" class=\"et-quickview-btn et-tooltip product_type_simple\"><span class=\"text\">Quick View<\/span><span class=\"icon\"><span class=\"et-icon et-maximize-2\"><\/span><\/span><\/a>\t\t\t<\/div>\n\t<\/figure>\n\t<div class=\"caption\">\n\t\t<div class=\"product-title\">\n\t\t\t<h2><a class=\"product-link\" href=\"https:\/\/www.skarbyziemi-alis.pl\/index.php\/product\/drzewo-skamieniale-plaster-3\/\" title=\"Drzewo skamienia\u0142e plaster 3\">Drzewo skamienia\u0142e plaster 3<\/a><\/h2>\n\t\t\t<div class=\"yith-add-to-wishlist-button-block\" data-product-id=\"5688\" data-attributes=\"{&quot;kind&quot;:&quot;button&quot;}\"><\/div>\t\t<\/div>\n\t\t\n\t\t<div class=\"product_after_title\">\n\n\t\t\t<div class=\"product_after_shop_loop_price\">\n\t\t\t\t\n\t<span class=\"price\"><span class=\"woocommerce-Price-amount amount\"><bdi>37,00&nbsp;<span class=\"woocommerce-Price-currencySymbol\">&#122;&#322;<\/span><\/bdi><\/span><\/span>\n\t\t\t<\/div>\n\n\t\t\t<div class=\"product-excerpt\">\n\t\t\t\t<p>Skamienia\u0142e drzewo-naturalna skamienia\u0142o\u015b\u0107 powsta\u0142a w wyniku zast\u0105pienie struktury drewna minera\u0142ami na przestrzeni milion\u00f3w lat. Zachowuje rysunek s\u0142oj\u00f3w, \u0142\u0105cz\u0105c energi\u0119 natury z trwa\u0142o\u015bci\u0105 kamienia. Symbolizuje stabilno\u015b\u0107, cierpliwo\u015b\u0107 i uziemienie. Wspiera poczucie bezpiecze\u0144stwa, spok\u00f3j oraz wi\u0119\u017a z natur\u0105. Cenione w bi\u017cuterii i dekoracjach jako kamie\u0144 r\u00f3wnowagi i si\u0142y. Wymiary produktu: Wysoko\u015b\u0107:+\/-7,5cm Szeroko\u015b\u0107:+\/-5,5cm [&hellip;]<\/p>\n\t\t\t<\/div>\n\n\t\t\t<div class=\"after_shop_loop_actions\">\n\n\t\t\t\t<a href=\"\/index.php\/wp-json\/wp\/v2\/pages\/6759?add-to-cart=5688\" aria-describedby=\"woocommerce_loop_add_to_cart_link_describedby_5688\" data-quantity=\"1\" class=\"button product_type_simple add_to_cart_button ajax_add_to_cart\" data-product_id=\"5688\" data-product_sku=\"\" aria-label=\"Dodaj do koszyka: &bdquo;Drzewo skamienia\u0142e plaster 3&rdquo;\" rel=\"nofollow\" data-success_message=\"&ldquo;Drzewo skamienia\u0142e plaster 3&rdquo; zosta\u0142 dodany do twojego koszyka\" role=\"button\"><span class=\"text\">Dodaj do koszyka<\/span><span class=\"icon et-icon et-shopping-bag\"><\/span><\/a>\t<span id=\"woocommerce_loop_add_to_cart_link_describedby_5688\" class=\"screen-reader-text\">\n\t\t<\/span>\n\t\t\t<\/div>\n\n\t\t<\/div>\n\n\t\t\n\t<\/div>\n\n\t<\/div>\n\n<\/li><\/ul>\n<\/div>[\/vc_column][\/vc_row]\n<\/div>","protected":false},"excerpt":{"rendered":"<p>[vc_row content_placement=&#8221;middle&#8221;][vc_column width=&#8221;4\/5&#8243; offset=&#8221;vc_col-lg-offset-1&#8243;][vc_column_text css=&#8221;&#8221; animation=&#8221;animation scale&#8221;] [\/vc_column_text][vc_text_separator title=&#8221;Podkategorie&#8221;][\/vc_column][\/vc_row][vc_row et_column_align=&#8221;align-center&#8221; equal_height=&#8221;yes&#8221;][vc_column][\/vc_column][\/vc_row][vc_row][vc_column][vc_text_separator title=&#8221;Produkty&#8221; css=&#8221;&#8221;][\/vc_column][\/vc_row][vc_row][vc_column][\/vc_column][\/vc_row]<\/p>\n","protected":false},"author":1,"featured_media":0,"parent":4354,"menu_order":0,"comment_status":"closed","ping_status":"closed","template":"","meta":{"footnotes":""},"class_list":["post-6759","page","type-page","status-publish","hentry"],"_links":{"self":[{"href":"https:\/\/www.skarbyziemi-alis.pl\/index.php\/wp-json\/wp\/v2\/pages\/6759","targetHints":{"allow":["GET"]}}],"collection":[{"href":"https:\/\/www.skarbyziemi-alis.pl\/index.php\/wp-json\/wp\/v2\/pages"}],"about":[{"href":"https:\/\/www.skarbyziemi-alis.pl\/index.php\/wp-json\/wp\/v2\/types\/page"}],"author":[{"embeddable":true,"href":"https:\/\/www.skarbyziemi-alis.pl\/index.php\/wp-json\/wp\/v2\/users\/1"}],"replies":[{"embeddable":true,"href":"https:\/\/www.skarbyziemi-alis.pl\/index.php\/wp-json\/wp\/v2\/comments?post=6759"}],"version-history":[{"count":1,"href":"https:\/\/www.skarbyziemi-alis.pl\/index.php\/wp-json\/wp\/v2\/pages\/6759\/revisions"}],"predecessor-version":[{"id":6760,"href":"https:\/\/www.skarbyziemi-alis.pl\/index.php\/wp-json\/wp\/v2\/pages\/6759\/revisions\/6760"}],"up":[{"embeddable":true,"href":"https:\/\/www.skarbyziemi-alis.pl\/index.php\/wp-json\/wp\/v2\/pages\/4354"}],"wp:attachment":[{"href":"https:\/\/www.skarbyziemi-alis.pl\/index.php\/wp-json\/wp\/v2\/media?parent=6759"}],"curies":[{"name":"wp","href":"https:\/\/api.w.org\/{rel}","templated":true}]}}