{"id":6776,"date":"2026-04-15T18:45:38","date_gmt":"2026-04-15T18:45:38","guid":{"rendered":"https:\/\/www.skarbyziemi-alis.pl\/?page_id=6776"},"modified":"2026-04-15T18:45:38","modified_gmt":"2026-04-15T18:45:38","slug":"jaspis-czerwony","status":"publish","type":"page","link":"https:\/\/www.skarbyziemi-alis.pl\/index.php\/kamienie-mineraly\/jaspis-czerwony\/","title":{"rendered":"Jaspis czerwony"},"content":{"rendered":"<div class=\"wpb-content-wrapper\">[vc_row content_placement=&#8221;middle&#8221;][vc_column width=&#8221;4\/5&#8243; offset=&#8221;vc_col-lg-offset-1&#8243;][vc_column_text css=&#8221;&#8221; animation=&#8221;animation scale&#8221;]\n<figure class=\"wp-block-image size-full\"><img loading=\"lazy\" decoding=\"async\" class=\"aligncenter wp-image-6500 size-medium\" src=\"https:\/\/www.skarbyziemi-alis.pl\/wp-content\/uploads\/2026\/04\/Jaspis-otoczaki-225x300.jpg\" alt=\"Jaspis czerwony\" width=\"225\" height=\"300\" srcset=\"https:\/\/www.skarbyziemi-alis.pl\/wp-content\/uploads\/2026\/04\/Jaspis-otoczaki-225x300.jpg 225w, https:\/\/www.skarbyziemi-alis.pl\/wp-content\/uploads\/2026\/04\/Jaspis-otoczaki-113x150.jpg 113w, https:\/\/www.skarbyziemi-alis.pl\/wp-content\/uploads\/2026\/04\/Jaspis-otoczaki-450x600.jpg 450w, https:\/\/www.skarbyziemi-alis.pl\/wp-content\/uploads\/2026\/04\/Jaspis-otoczaki.jpg 750w\" sizes=\"auto, (max-width: 225px) 100vw, 225px\" \/><\/figure>\n[\/vc_column_text][vc_text_separator title=&#8221;Podkategorie&#8221;][\/vc_column][\/vc_row][vc_row et_column_align=&#8221;align-center&#8221; equal_height=&#8221;yes&#8221;][vc_column]\t\t<ul class=\"row products et-product-category-grid masonry et-loader sharp-corners style2\" data-layoutmode=\"packery\">\n\t\t\t\n<li class=\"item col-md-6 product-category product first\">\n\t<div class=\"et-category-inner\"><a href=\"https:\/\/www.skarbyziemi-alis.pl\/index.php\/product-category\/kamienie\/jaspis-czerwony\/bransoletki-jaspis-czerwony\/\" style=\"background-image:url(https:\/\/www.skarbyziemi-alis.pl\/wp-content\/uploads\/2026\/04\/Jaspis-czerwoy-brans-450x338.jpg)\"><div class=\"category-caption\">\t\t<h2 class=\"woocommerce-loop-category__title\">\n\t\t\tbransoletki<mark class=\"count\">2<\/mark>\t\t<\/h2>\n\t\t<\/div><\/a><\/div><\/li>\n\n<li class=\"item col-md-3 grid-sizer product-category product\">\n\t<div class=\"et-category-inner\"><a href=\"https:\/\/www.skarbyziemi-alis.pl\/index.php\/product-category\/kamienie\/jaspis-czerwony\/otoczaki-jaspis-czerwony\/\" style=\"background-image:url(https:\/\/www.skarbyziemi-alis.pl\/wp-content\/uploads\/2026\/04\/Jaspis-otoczaki-450x600.jpg)\"><div class=\"category-caption\">\t\t<h2 class=\"woocommerce-loop-category__title\">\n\t\t\totoczaki<mark class=\"count\">1<\/mark>\t\t<\/h2>\n\t\t<\/div><\/a><\/div><\/li>\n\n<li class=\"item col-md-3 product-category product\">\n\t<div class=\"et-category-inner\"><a href=\"https:\/\/www.skarbyziemi-alis.pl\/index.php\/product-category\/kamienie\/jaspis-czerwony\/zawieszki-jaspis-czerwony\/\" style=\"background-image:url(https:\/\/www.skarbyziemi-alis.pl\/wp-content\/uploads\/2026\/04\/Jaspis-czerwony-zawieszki-450x338.jpg)\"><div class=\"category-caption\">\t\t<h2 class=\"woocommerce-loop-category__title\">\n\t\t\tzawieszki<mark class=\"count\">1<\/mark>\t\t<\/h2>\n\t\t<\/div><\/a><\/div><\/li>\n\t\t<\/ul>\n\t\t[\/vc_column][\/vc_row][vc_row][vc_column][vc_text_separator title=&#8221;Produkty&#8221; css=&#8221;&#8221;][\/vc_column][\/vc_row][vc_row][vc_column]<div class=\"woocommerce columns-4 \">\n<ul class=\"products row et-main-products hover-animation-zoom-jump et-shop-show-variations et-shop-hover-images show-rating\" data-columns=\"4\" data-mobile-columns=\"2\" data-navigation=\"true\" data-pagination=\"true\" data-layoutmode=\"packery\">\n<li class=\"item et-listing-style1 col-6 col-sm-6 col-md-4 col-lg-3 small_grid_5 product type-product post-5551 status-publish first instock product_cat-bransoletki-jaspis-czerwony product_cat-jaspis-czerwony product_cat-kamienie has-post-thumbnail shipping-taxable purchasable product-type-simple\">\n\t<div class=\"product-inner animation fade\">\n\t\t<figure class=\"product_thumbnail et-image-hover\">  \n\t\t<a href=\"https:\/\/www.skarbyziemi-alis.pl\/index.php\/product\/jaspis-czerwony-bransoletka-8mm\/\" title=\"Jaspis czerwony bransoletka 8mm\"><img loading=\"lazy\" decoding=\"async\" width=\"450\" height=\"600\" src=\"https:\/\/www.skarbyziemi-alis.pl\/wp-content\/uploads\/2026\/01\/Jaspis-czerwony-bransoletka-8mm-450x600.jpg\" class=\"main-image skip-lazy\" alt=\"Jaspis czerwony bransoletka 8mm\" srcset=\"https:\/\/www.skarbyziemi-alis.pl\/wp-content\/uploads\/2026\/01\/Jaspis-czerwony-bransoletka-8mm-450x600.jpg 450w, https:\/\/www.skarbyziemi-alis.pl\/wp-content\/uploads\/2026\/01\/Jaspis-czerwony-bransoletka-8mm-225x300.jpg 225w, https:\/\/www.skarbyziemi-alis.pl\/wp-content\/uploads\/2026\/01\/Jaspis-czerwony-bransoletka-8mm-113x150.jpg 113w, https:\/\/www.skarbyziemi-alis.pl\/wp-content\/uploads\/2026\/01\/Jaspis-czerwony-bransoletka-8mm.jpg 750w\" sizes=\"auto, (max-width: 450px) 100vw, 450px\" \/><\/a>\n\t\t\t\t<div class=\"actions-wrapper\">\n\t\t\t\t\t\t\t\t\t\t\t\t<a href=https:\/\/www.skarbyziemi-alis.pl\/index.php\/product\/jaspis-czerwony-bransoletka-8mm\/ title=\"Quick View\" data-product_id=\"5551\" class=\"et-quickview-btn et-tooltip product_type_simple\"><span class=\"text\">Quick View<\/span><span class=\"icon\"><span class=\"et-icon et-maximize-2\"><\/span><\/span><\/a>\t\t\t<\/div>\n\t<\/figure>\n\t<div class=\"caption\">\n\t\t<div class=\"product-title\">\n\t\t\t<h2><a class=\"product-link\" href=\"https:\/\/www.skarbyziemi-alis.pl\/index.php\/product\/jaspis-czerwony-bransoletka-8mm\/\" title=\"Jaspis czerwony bransoletka 8mm\">Jaspis czerwony bransoletka 8mm<\/a><\/h2>\n\t\t\t<div class=\"yith-add-to-wishlist-button-block\" data-product-id=\"5551\" data-attributes=\"{&quot;kind&quot;:&quot;button&quot;}\"><\/div>\t\t<\/div>\n\t\t\n\t\t<div class=\"product_after_title\">\n\n\t\t\t<div class=\"product_after_shop_loop_price\">\n\t\t\t\t\n\t<span class=\"price\"><span class=\"woocommerce-Price-amount amount\"><bdi>45,00&nbsp;<span class=\"woocommerce-Price-currencySymbol\">&#122;&#322;<\/span><\/bdi><\/span><\/span>\n\t\t\t<\/div>\n\n\t\t\t<div class=\"product-excerpt\">\n\t\t\t\t<p>Jaspis czerwony-kamie\u0144 si\u0142y i stabilno\u015bci. Dodaje energii, wspiera odwag\u0119 i poczucie bezpiecze\u0144stwa, sprzyjaj\u0105c ugruntowaniu i wewn\u0119trznej r\u00f3wnowadze. Bransoletk\u0119 wysy\u0142amy losowo. Cena dotyczy 1 szt.<\/p>\n\t\t\t<\/div>\n\n\t\t\t<div class=\"after_shop_loop_actions\">\n\n\t\t\t\t<a href=\"\/index.php\/wp-json\/wp\/v2\/pages\/6776?add-to-cart=5551\" aria-describedby=\"woocommerce_loop_add_to_cart_link_describedby_5551\" data-quantity=\"1\" class=\"button product_type_simple add_to_cart_button ajax_add_to_cart\" data-product_id=\"5551\" data-product_sku=\"\" aria-label=\"Dodaj do koszyka: &bdquo;Jaspis czerwony bransoletka 8mm&rdquo;\" rel=\"nofollow\" data-success_message=\"&ldquo;Jaspis czerwony bransoletka 8mm&rdquo; zosta\u0142 dodany do twojego koszyka\" role=\"button\"><span class=\"text\">Dodaj do koszyka<\/span><span class=\"icon et-icon et-shopping-bag\"><\/span><\/a>\t<span id=\"woocommerce_loop_add_to_cart_link_describedby_5551\" class=\"screen-reader-text\">\n\t\t<\/span>\n\t\t\t<\/div>\n\n\t\t<\/div>\n\n\t\t\n\t<\/div>\n\n\t<\/div>\n\n<\/li>\n<li class=\"item et-listing-style1 col-6 col-sm-6 col-md-4 col-lg-3 small_grid_5 product type-product post-5549 status-publish instock product_cat-bransoletki-jaspis-czerwony product_cat-jaspis-czerwony product_cat-kamienie has-post-thumbnail shipping-taxable purchasable product-type-simple\">\n\t<div class=\"product-inner animation fade\">\n\t\t<figure class=\"product_thumbnail et-image-hover\">  \n\t\t<a href=\"https:\/\/www.skarbyziemi-alis.pl\/index.php\/product\/jaspis-czerwony-bransoletka-sieczka\/\" title=\"Jaspis czerwony bransoletka sieczka\"><img loading=\"lazy\" decoding=\"async\" width=\"450\" height=\"600\" src=\"https:\/\/www.skarbyziemi-alis.pl\/wp-content\/uploads\/2026\/01\/Jaspis-czerwony-bransoletka-sieczka-450x600.jpg\" class=\"main-image skip-lazy\" alt=\"Jaspis czerwony bransoletka sieczka\" srcset=\"https:\/\/www.skarbyziemi-alis.pl\/wp-content\/uploads\/2026\/01\/Jaspis-czerwony-bransoletka-sieczka-450x600.jpg 450w, https:\/\/www.skarbyziemi-alis.pl\/wp-content\/uploads\/2026\/01\/Jaspis-czerwony-bransoletka-sieczka-225x300.jpg 225w, https:\/\/www.skarbyziemi-alis.pl\/wp-content\/uploads\/2026\/01\/Jaspis-czerwony-bransoletka-sieczka-113x150.jpg 113w, https:\/\/www.skarbyziemi-alis.pl\/wp-content\/uploads\/2026\/01\/Jaspis-czerwony-bransoletka-sieczka.jpg 750w\" sizes=\"auto, (max-width: 450px) 100vw, 450px\" \/><\/a>\n\t\t\t\t<div class=\"actions-wrapper\">\n\t\t\t\t\t\t\t\t\t\t\t\t<a href=https:\/\/www.skarbyziemi-alis.pl\/index.php\/product\/jaspis-czerwony-bransoletka-sieczka\/ title=\"Quick View\" data-product_id=\"5549\" class=\"et-quickview-btn et-tooltip product_type_simple\"><span class=\"text\">Quick View<\/span><span class=\"icon\"><span class=\"et-icon et-maximize-2\"><\/span><\/span><\/a>\t\t\t<\/div>\n\t<\/figure>\n\t<div class=\"caption\">\n\t\t<div class=\"product-title\">\n\t\t\t<h2><a class=\"product-link\" href=\"https:\/\/www.skarbyziemi-alis.pl\/index.php\/product\/jaspis-czerwony-bransoletka-sieczka\/\" title=\"Jaspis czerwony bransoletka sieczka\">Jaspis czerwony bransoletka sieczka<\/a><\/h2>\n\t\t\t<div class=\"yith-add-to-wishlist-button-block\" data-product-id=\"5549\" data-attributes=\"{&quot;kind&quot;:&quot;button&quot;}\"><\/div>\t\t<\/div>\n\t\t\n\t\t<div class=\"product_after_title\">\n\n\t\t\t<div class=\"product_after_shop_loop_price\">\n\t\t\t\t\n\t<span class=\"price\"><span class=\"woocommerce-Price-amount amount\"><bdi>29,00&nbsp;<span class=\"woocommerce-Price-currencySymbol\">&#122;&#322;<\/span><\/bdi><\/span><\/span>\n\t\t\t<\/div>\n\n\t\t\t<div class=\"product-excerpt\">\n\t\t\t\t<p>Jaspis czerwony-kamie\u0144 si\u0142y i stabilno\u015bci. Dodaje energii, wspiera odwag\u0119 i poczucie bezpiecze\u0144stwa, sprzyjaj\u0105c ugruntowaniu i wewn\u0119trznej r\u00f3wnowadze. Bransoletk\u0119 wysy\u0142amy losowo. Cena dotyczy 1 szt.<\/p>\n\t\t\t<\/div>\n\n\t\t\t<div class=\"after_shop_loop_actions\">\n\n\t\t\t\t<a href=\"\/index.php\/wp-json\/wp\/v2\/pages\/6776?add-to-cart=5549\" aria-describedby=\"woocommerce_loop_add_to_cart_link_describedby_5549\" data-quantity=\"1\" class=\"button product_type_simple add_to_cart_button ajax_add_to_cart\" data-product_id=\"5549\" data-product_sku=\"\" aria-label=\"Dodaj do koszyka: &bdquo;Jaspis czerwony bransoletka sieczka&rdquo;\" rel=\"nofollow\" data-success_message=\"&ldquo;Jaspis czerwony bransoletka sieczka&rdquo; zosta\u0142 dodany do twojego koszyka\" role=\"button\"><span class=\"text\">Dodaj do koszyka<\/span><span class=\"icon et-icon et-shopping-bag\"><\/span><\/a>\t<span id=\"woocommerce_loop_add_to_cart_link_describedby_5549\" class=\"screen-reader-text\">\n\t\t<\/span>\n\t\t\t<\/div>\n\n\t\t<\/div>\n\n\t\t\n\t<\/div>\n\n\t<\/div>\n\n<\/li>\n<li class=\"item et-listing-style1 col-6 col-sm-6 col-md-4 col-lg-3 small_grid_5 product type-product post-5546 status-publish instock product_cat-jaspis-czerwony product_cat-kamienie product_cat-otoczaki-jaspis-czerwony has-post-thumbnail shipping-taxable purchasable product-type-simple\">\n\t<div class=\"product-inner animation fade\">\n\t\t<figure class=\"product_thumbnail et-image-hover\">  \n\t\t<a href=\"https:\/\/www.skarbyziemi-alis.pl\/index.php\/product\/jaspis-czerwony-otoczaki\/\" title=\"Jaspis czerwony otoczaki\"><img loading=\"lazy\" decoding=\"async\" width=\"450\" height=\"600\" src=\"https:\/\/www.skarbyziemi-alis.pl\/wp-content\/uploads\/2026\/01\/Jaspis-czerwony-otoczak-450x600.jpg\" class=\"main-image skip-lazy\" alt=\"Jaspis czerwony otoczaki\" srcset=\"https:\/\/www.skarbyziemi-alis.pl\/wp-content\/uploads\/2026\/01\/Jaspis-czerwony-otoczak-450x600.jpg 450w, https:\/\/www.skarbyziemi-alis.pl\/wp-content\/uploads\/2026\/01\/Jaspis-czerwony-otoczak-225x300.jpg 225w, https:\/\/www.skarbyziemi-alis.pl\/wp-content\/uploads\/2026\/01\/Jaspis-czerwony-otoczak-113x150.jpg 113w, https:\/\/www.skarbyziemi-alis.pl\/wp-content\/uploads\/2026\/01\/Jaspis-czerwony-otoczak.jpg 750w\" sizes=\"auto, (max-width: 450px) 100vw, 450px\" \/><\/a>\n\t\t\t\t<div class=\"actions-wrapper\">\n\t\t\t\t\t\t\t\t\t\t\t\t<a href=https:\/\/www.skarbyziemi-alis.pl\/index.php\/product\/jaspis-czerwony-otoczaki\/ title=\"Quick View\" data-product_id=\"5546\" class=\"et-quickview-btn et-tooltip product_type_simple\"><span class=\"text\">Quick View<\/span><span class=\"icon\"><span class=\"et-icon et-maximize-2\"><\/span><\/span><\/a>\t\t\t<\/div>\n\t<\/figure>\n\t<div class=\"caption\">\n\t\t<div class=\"product-title\">\n\t\t\t<h2><a class=\"product-link\" href=\"https:\/\/www.skarbyziemi-alis.pl\/index.php\/product\/jaspis-czerwony-otoczaki\/\" title=\"Jaspis czerwony otoczaki\">Jaspis czerwony otoczaki<\/a><\/h2>\n\t\t\t<div class=\"yith-add-to-wishlist-button-block\" data-product-id=\"5546\" data-attributes=\"{&quot;kind&quot;:&quot;button&quot;}\"><\/div>\t\t<\/div>\n\t\t\n\t\t<div class=\"product_after_title\">\n\n\t\t\t<div class=\"product_after_shop_loop_price\">\n\t\t\t\t\n\t<span class=\"price\"><span class=\"woocommerce-Price-amount amount\"><bdi>9,00&nbsp;<span class=\"woocommerce-Price-currencySymbol\">&#122;&#322;<\/span><\/bdi><\/span><\/span>\n\t\t\t<\/div>\n\n\t\t\t<div class=\"product-excerpt\">\n\t\t\t\t<p>Jaspis czerwony-kamie\u0144 si\u0142y i stabilno\u015bci. Dodaje energii, wspiera odwag\u0119 i poczucie bezpiecze\u0144stwa, sprzyjaj\u0105c ugruntowaniu i wewn\u0119trznej r\u00f3wnowadze. Wymiary produktu: D\u0142ugo\u015b\u0107:+\/-3,5-4cm Szeroko\u015b\u0107:+\/-2,5-3cm Kamie\u0144 wysy\u0142amy losowo. Cena dotyczy 1 szt.<\/p>\n\t\t\t<\/div>\n\n\t\t\t<div class=\"after_shop_loop_actions\">\n\n\t\t\t\t<a href=\"\/index.php\/wp-json\/wp\/v2\/pages\/6776?add-to-cart=5546\" aria-describedby=\"woocommerce_loop_add_to_cart_link_describedby_5546\" data-quantity=\"1\" class=\"button product_type_simple add_to_cart_button ajax_add_to_cart\" data-product_id=\"5546\" data-product_sku=\"\" aria-label=\"Dodaj do koszyka: &bdquo;Jaspis czerwony otoczaki&rdquo;\" rel=\"nofollow\" data-success_message=\"&ldquo;Jaspis czerwony otoczaki&rdquo; zosta\u0142 dodany do twojego koszyka\" role=\"button\"><span class=\"text\">Dodaj do koszyka<\/span><span class=\"icon et-icon et-shopping-bag\"><\/span><\/a>\t<span id=\"woocommerce_loop_add_to_cart_link_describedby_5546\" class=\"screen-reader-text\">\n\t\t<\/span>\n\t\t\t<\/div>\n\n\t\t<\/div>\n\n\t\t\n\t<\/div>\n\n\t<\/div>\n\n<\/li>\n<li class=\"item et-listing-style1 col-6 col-sm-6 col-md-4 col-lg-3 small_grid_5 product type-product post-5543 status-publish last instock product_cat-jaspis-czerwony product_cat-kamienie product_cat-zawieszki-jaspis-czerwony has-post-thumbnail shipping-taxable purchasable product-type-simple\">\n\t<div class=\"product-inner animation fade\">\n\t\t<figure class=\"product_thumbnail et-image-hover\">  \n\t\t<a href=\"https:\/\/www.skarbyziemi-alis.pl\/index.php\/product\/jaspis-czerwony-zawieszka\/\" title=\"Jaspis czerwony zawieszka\"><img loading=\"lazy\" decoding=\"async\" width=\"450\" height=\"600\" src=\"https:\/\/www.skarbyziemi-alis.pl\/wp-content\/uploads\/2026\/01\/Jaspis-czerwony-zawieszka-450x600.jpg\" class=\"main-image skip-lazy\" alt=\"Jaspis czerwony zawieszka\" srcset=\"https:\/\/www.skarbyziemi-alis.pl\/wp-content\/uploads\/2026\/01\/Jaspis-czerwony-zawieszka-450x600.jpg 450w, https:\/\/www.skarbyziemi-alis.pl\/wp-content\/uploads\/2026\/01\/Jaspis-czerwony-zawieszka-225x300.jpg 225w, https:\/\/www.skarbyziemi-alis.pl\/wp-content\/uploads\/2026\/01\/Jaspis-czerwony-zawieszka-113x150.jpg 113w, https:\/\/www.skarbyziemi-alis.pl\/wp-content\/uploads\/2026\/01\/Jaspis-czerwony-zawieszka.jpg 750w\" sizes=\"auto, (max-width: 450px) 100vw, 450px\" \/><\/a>\n\t\t\t\t<div class=\"actions-wrapper\">\n\t\t\t\t\t\t\t\t\t\t\t\t<a href=https:\/\/www.skarbyziemi-alis.pl\/index.php\/product\/jaspis-czerwony-zawieszka\/ title=\"Quick View\" data-product_id=\"5543\" class=\"et-quickview-btn et-tooltip product_type_simple\"><span class=\"text\">Quick View<\/span><span class=\"icon\"><span class=\"et-icon et-maximize-2\"><\/span><\/span><\/a>\t\t\t<\/div>\n\t<\/figure>\n\t<div class=\"caption\">\n\t\t<div class=\"product-title\">\n\t\t\t<h2><a class=\"product-link\" href=\"https:\/\/www.skarbyziemi-alis.pl\/index.php\/product\/jaspis-czerwony-zawieszka\/\" title=\"Jaspis czerwony zawieszka\">Jaspis czerwony zawieszka<\/a><\/h2>\n\t\t\t<div class=\"yith-add-to-wishlist-button-block\" data-product-id=\"5543\" data-attributes=\"{&quot;kind&quot;:&quot;button&quot;}\"><\/div>\t\t<\/div>\n\t\t\n\t\t<div class=\"product_after_title\">\n\n\t\t\t<div class=\"product_after_shop_loop_price\">\n\t\t\t\t\n\t<span class=\"price\"><span class=\"woocommerce-Price-amount amount\"><bdi>10,00&nbsp;<span class=\"woocommerce-Price-currencySymbol\">&#122;&#322;<\/span><\/bdi><\/span><\/span>\n\t\t\t<\/div>\n\n\t\t\t<div class=\"product-excerpt\">\n\t\t\t\t<p>Jaspis czerwony-kamie\u0144 si\u0142y i stabilno\u015bci. Dodaje energii, wspiera odwag\u0119 i poczucie bezpiecze\u0144stwa, sprzyjaj\u0105c ugruntowaniu i wewn\u0119trznej r\u00f3wnowadze. Wymiary produktu: (bez krawatki metalowej): D\u0142ugo\u015b\u0107:+\/-2-2,5cm Szeroko\u015b\u0107:+\/-1,5-2cm Zawieszk\u0119 wysy\u0142amy losowo. Cena dotyczy 1 szt.<\/p>\n\t\t\t<\/div>\n\n\t\t\t<div class=\"after_shop_loop_actions\">\n\n\t\t\t\t<a href=\"\/index.php\/wp-json\/wp\/v2\/pages\/6776?add-to-cart=5543\" aria-describedby=\"woocommerce_loop_add_to_cart_link_describedby_5543\" data-quantity=\"1\" class=\"button product_type_simple add_to_cart_button ajax_add_to_cart\" data-product_id=\"5543\" data-product_sku=\"\" aria-label=\"Dodaj do koszyka: &bdquo;Jaspis czerwony zawieszka&rdquo;\" rel=\"nofollow\" data-success_message=\"&ldquo;Jaspis czerwony zawieszka&rdquo; zosta\u0142 dodany do twojego koszyka\" role=\"button\"><span class=\"text\">Dodaj do koszyka<\/span><span class=\"icon et-icon et-shopping-bag\"><\/span><\/a>\t<span id=\"woocommerce_loop_add_to_cart_link_describedby_5543\" class=\"screen-reader-text\">\n\t\t<\/span>\n\t\t\t<\/div>\n\n\t\t<\/div>\n\n\t\t\n\t<\/div>\n\n\t<\/div>\n\n<\/li><\/ul>\n<\/div>[\/vc_column][\/vc_row]\n<\/div>","protected":false},"excerpt":{"rendered":"<p>[vc_row content_placement=&#8221;middle&#8221;][vc_column width=&#8221;4\/5&#8243; offset=&#8221;vc_col-lg-offset-1&#8243;][vc_column_text css=&#8221;&#8221; animation=&#8221;animation scale&#8221;] [\/vc_column_text][vc_text_separator title=&#8221;Podkategorie&#8221;][\/vc_column][\/vc_row][vc_row et_column_align=&#8221;align-center&#8221; equal_height=&#8221;yes&#8221;][vc_column][\/vc_column][\/vc_row][vc_row][vc_column][vc_text_separator title=&#8221;Produkty&#8221; css=&#8221;&#8221;][\/vc_column][\/vc_row][vc_row][vc_column][\/vc_column][\/vc_row]<\/p>\n","protected":false},"author":1,"featured_media":0,"parent":4354,"menu_order":0,"comment_status":"closed","ping_status":"closed","template":"","meta":{"footnotes":""},"class_list":["post-6776","page","type-page","status-publish","hentry"],"_links":{"self":[{"href":"https:\/\/www.skarbyziemi-alis.pl\/index.php\/wp-json\/wp\/v2\/pages\/6776","targetHints":{"allow":["GET"]}}],"collection":[{"href":"https:\/\/www.skarbyziemi-alis.pl\/index.php\/wp-json\/wp\/v2\/pages"}],"about":[{"href":"https:\/\/www.skarbyziemi-alis.pl\/index.php\/wp-json\/wp\/v2\/types\/page"}],"author":[{"embeddable":true,"href":"https:\/\/www.skarbyziemi-alis.pl\/index.php\/wp-json\/wp\/v2\/users\/1"}],"replies":[{"embeddable":true,"href":"https:\/\/www.skarbyziemi-alis.pl\/index.php\/wp-json\/wp\/v2\/comments?post=6776"}],"version-history":[{"count":2,"href":"https:\/\/www.skarbyziemi-alis.pl\/index.php\/wp-json\/wp\/v2\/pages\/6776\/revisions"}],"predecessor-version":[{"id":6778,"href":"https:\/\/www.skarbyziemi-alis.pl\/index.php\/wp-json\/wp\/v2\/pages\/6776\/revisions\/6778"}],"up":[{"embeddable":true,"href":"https:\/\/www.skarbyziemi-alis.pl\/index.php\/wp-json\/wp\/v2\/pages\/4354"}],"wp:attachment":[{"href":"https:\/\/www.skarbyziemi-alis.pl\/index.php\/wp-json\/wp\/v2\/media?parent=6776"}],"curies":[{"name":"wp","href":"https:\/\/api.w.org\/{rel}","templated":true}]}}