{"id":6830,"date":"2026-04-15T19:48:27","date_gmt":"2026-04-15T19:48:27","guid":{"rendered":"https:\/\/www.skarbyziemi-alis.pl\/?page_id=6830"},"modified":"2026-04-15T19:48:27","modified_gmt":"2026-04-15T19:48:27","slug":"kyanit","status":"publish","type":"page","link":"https:\/\/www.skarbyziemi-alis.pl\/index.php\/kamienie-mineraly\/kyanit\/","title":{"rendered":"Kyanit"},"content":{"rendered":"<div class=\"wpb-content-wrapper\">[vc_row content_placement=&#8221;middle&#8221;][vc_column width=&#8221;4\/5&#8243; offset=&#8221;vc_col-lg-offset-1&#8243;][vc_column_text css=&#8221;&#8221; animation=&#8221;animation scale&#8221;]\n<figure class=\"wp-block-image size-full\"><img loading=\"lazy\" decoding=\"async\" class=\"aligncenter wp-image-5541 size-medium\" src=\"https:\/\/www.skarbyziemi-alis.pl\/wp-content\/uploads\/2026\/01\/Kyanit-otoczak-duzy-2-225x300.jpg\" alt=\"Kyanit\" width=\"225\" height=\"300\" srcset=\"https:\/\/www.skarbyziemi-alis.pl\/wp-content\/uploads\/2026\/01\/Kyanit-otoczak-duzy-2-225x300.jpg 225w, https:\/\/www.skarbyziemi-alis.pl\/wp-content\/uploads\/2026\/01\/Kyanit-otoczak-duzy-2-113x150.jpg 113w, https:\/\/www.skarbyziemi-alis.pl\/wp-content\/uploads\/2026\/01\/Kyanit-otoczak-duzy-2-450x600.jpg 450w, https:\/\/www.skarbyziemi-alis.pl\/wp-content\/uploads\/2026\/01\/Kyanit-otoczak-duzy-2.jpg 750w\" sizes=\"auto, (max-width: 225px) 100vw, 225px\" \/><\/figure>\n[\/vc_column_text][vc_text_separator title=&#8221;Podkategorie&#8221;][\/vc_column][\/vc_row][vc_row et_column_align=&#8221;align-center&#8221; equal_height=&#8221;yes&#8221;][vc_column]\t\t<ul class=\"row products et-product-category-grid masonry et-loader sharp-corners style2\" data-layoutmode=\"packery\">\n\t\t\t\n<li class=\"item col-md-6 product-category product first\">\n\t<div class=\"et-category-inner\"><a href=\"https:\/\/www.skarbyziemi-alis.pl\/index.php\/product-category\/kamienie\/kyanit\/bransoletki-kyanit\/\" style=\"background-image:url(https:\/\/www.skarbyziemi-alis.pl\/wp-content\/uploads\/2026\/04\/Kyanit-bran-450x600.jpg)\"><div class=\"category-caption\">\t\t<h2 class=\"woocommerce-loop-category__title\">\n\t\t\tbransoletki<mark class=\"count\">2<\/mark>\t\t<\/h2>\n\t\t<\/div><\/a><\/div><\/li>\n\n<li class=\"item col-md-3 grid-sizer product-category product\">\n\t<div class=\"et-category-inner\"><a href=\"https:\/\/www.skarbyziemi-alis.pl\/index.php\/product-category\/kamienie\/kyanit\/surowy-kyanit\/\" style=\"background-image:url(https:\/\/www.skarbyziemi-alis.pl\/wp-content\/uploads\/2026\/04\/Kyanit-sur-450x600.jpg)\"><div class=\"category-caption\">\t\t<h2 class=\"woocommerce-loop-category__title\">\n\t\t\tsurowy<mark class=\"count\">3<\/mark>\t\t<\/h2>\n\t\t<\/div><\/a><\/div><\/li>\n\t\t<\/ul>\n\t\t[\/vc_column][\/vc_row][vc_row][vc_column][vc_text_separator title=&#8221;Produkty&#8221; css=&#8221;&#8221;][\/vc_column][\/vc_row][vc_row][vc_column]<div class=\"woocommerce columns-4 \">\n<ul class=\"products row et-main-products hover-animation-zoom-jump et-shop-show-variations et-shop-hover-images show-rating\" data-columns=\"4\" data-mobile-columns=\"2\" data-navigation=\"true\" data-pagination=\"true\" data-layoutmode=\"packery\">\n<li class=\"item et-listing-style1 col-6 col-sm-6 col-md-4 col-lg-3 small_grid_5 product type-product post-5532 status-publish first instock product_cat-bransoletki-kyanit product_cat-kamienie product_cat-kyanit has-post-thumbnail shipping-taxable purchasable product-type-simple\">\n\t<div class=\"product-inner animation fade\">\n\t\t<figure class=\"product_thumbnail et-image-hover\">  \n\t\t<a href=\"https:\/\/www.skarbyziemi-alis.pl\/index.php\/product\/kyanit-bransoletka-8mm\/\" title=\"Kyanit bransoletka 8mm\"><img loading=\"lazy\" decoding=\"async\" width=\"450\" height=\"600\" src=\"https:\/\/www.skarbyziemi-alis.pl\/wp-content\/uploads\/2026\/01\/Kyanit-bransoletka-8mm-450x600.jpg\" class=\"main-image skip-lazy\" alt=\"Kyanit bransoletka 8mm\" srcset=\"https:\/\/www.skarbyziemi-alis.pl\/wp-content\/uploads\/2026\/01\/Kyanit-bransoletka-8mm-450x600.jpg 450w, https:\/\/www.skarbyziemi-alis.pl\/wp-content\/uploads\/2026\/01\/Kyanit-bransoletka-8mm-225x300.jpg 225w, https:\/\/www.skarbyziemi-alis.pl\/wp-content\/uploads\/2026\/01\/Kyanit-bransoletka-8mm-113x150.jpg 113w, https:\/\/www.skarbyziemi-alis.pl\/wp-content\/uploads\/2026\/01\/Kyanit-bransoletka-8mm.jpg 750w\" sizes=\"auto, (max-width: 450px) 100vw, 450px\" \/><\/a>\n\t\t\t\t<div class=\"actions-wrapper\">\n\t\t\t\t\t\t\t\t\t\t\t\t<a href=https:\/\/www.skarbyziemi-alis.pl\/index.php\/product\/kyanit-bransoletka-8mm\/ title=\"Podgl\u0105d\" data-product_id=\"5532\" class=\"et-quickview-btn et-tooltip product_type_simple\"><span class=\"text\">Podgl\u0105d<\/span><span class=\"icon\"><span class=\"et-icon et-maximize-2\"><\/span><\/span><\/a>\t\t\t<\/div>\n\t<\/figure>\n\t<div class=\"caption\">\n\t\t<div class=\"product-title\">\n\t\t\t<h2><a class=\"product-link\" href=\"https:\/\/www.skarbyziemi-alis.pl\/index.php\/product\/kyanit-bransoletka-8mm\/\" title=\"Kyanit bransoletka 8mm\">Kyanit bransoletka 8mm<\/a><\/h2>\n\t\t\t<div class=\"yith-add-to-wishlist-button-block\" data-product-id=\"5532\" data-attributes=\"{&quot;kind&quot;:&quot;button&quot;}\"><\/div>\t\t<\/div>\n\t\t\n\t\t<div class=\"product_after_title\">\n\n\t\t\t<div class=\"product_after_shop_loop_price\">\n\t\t\t\t\n\t<span class=\"price\"><span class=\"woocommerce-Price-amount amount\"><bdi>155,00&nbsp;<span class=\"woocommerce-Price-currencySymbol\">&#122;&#322;<\/span><\/bdi><\/span><\/span>\n\t\t\t<\/div>\n\n\t\t\t<div class=\"product-excerpt\">\n\t\t\t\t<p>Kyanit\u00a0to kamie\u0144 o eleganckim, najcz\u0119\u015bciej niebieskim zabarwieniu, ceniony za naturalny po\u0142ysk i smuk\u0142e kszta\u0142ty. Kojarzony jest z r\u00f3wnowag\u0105, spokojem i klarown\u0105 komunikacj\u0105. Uwa\u017ca si\u0119, \u017ce wspiera koncentracj\u0119, harmonizuje energi\u0119 i pomaga zachowa\u0107 wewn\u0119trzny balans. Ze wzgl\u0119du na swoj\u0105 delikatn\u0105 struktur\u0119 jest szczeg\u00f3lnie ceniony w subtelnej, artystycznej bi\u017cuterii. Bransoletk\u0119 wysy\u0142amy losowo. [&hellip;]<\/p>\n\t\t\t<\/div>\n\n\t\t\t<div class=\"after_shop_loop_actions\">\n\n\t\t\t\t<a href=\"\/index.php\/wp-json\/wp\/v2\/pages\/6830?add-to-cart=5532\" aria-describedby=\"woocommerce_loop_add_to_cart_link_describedby_5532\" data-quantity=\"1\" class=\"button product_type_simple add_to_cart_button ajax_add_to_cart\" data-product_id=\"5532\" data-product_sku=\"\" aria-label=\"Dodaj do koszyka: &bdquo;Kyanit bransoletka 8mm&rdquo;\" rel=\"nofollow\" data-success_message=\"&ldquo;Kyanit bransoletka 8mm&rdquo; zosta\u0142 dodany do twojego koszyka\" role=\"button\"><span class=\"text\">Dodaj do koszyka<\/span><span class=\"icon et-icon et-shopping-bag\"><\/span><\/a>\t<span id=\"woocommerce_loop_add_to_cart_link_describedby_5532\" class=\"screen-reader-text\">\n\t\t<\/span>\n\t\t\t<\/div>\n\n\t\t<\/div>\n\n\t\t\n\t<\/div>\n\n\t<\/div>\n\n<\/li>\n<li class=\"item et-listing-style1 col-6 col-sm-6 col-md-4 col-lg-3 small_grid_5 product type-product post-5528 status-publish instock product_cat-bransoletki-kyanit product_cat-kamienie product_cat-kyanit has-post-thumbnail shipping-taxable purchasable product-type-simple\">\n\t<div class=\"product-inner animation fade\">\n\t\t<figure class=\"product_thumbnail et-image-hover\">  \n\t\t<a href=\"https:\/\/www.skarbyziemi-alis.pl\/index.php\/product\/kyanit-bransoletka-sieczka\/\" title=\"Kyanit bransoletka sieczka\"><img loading=\"lazy\" decoding=\"async\" width=\"450\" height=\"600\" src=\"https:\/\/www.skarbyziemi-alis.pl\/wp-content\/uploads\/2026\/01\/Kyanit-bransoletka-sieczka-1-450x600.jpg\" class=\"main-image skip-lazy\" alt=\"Kyanit bransoletka sieczka\" srcset=\"https:\/\/www.skarbyziemi-alis.pl\/wp-content\/uploads\/2026\/01\/Kyanit-bransoletka-sieczka-1-450x600.jpg 450w, https:\/\/www.skarbyziemi-alis.pl\/wp-content\/uploads\/2026\/01\/Kyanit-bransoletka-sieczka-1-225x300.jpg 225w, https:\/\/www.skarbyziemi-alis.pl\/wp-content\/uploads\/2026\/01\/Kyanit-bransoletka-sieczka-1-113x150.jpg 113w, https:\/\/www.skarbyziemi-alis.pl\/wp-content\/uploads\/2026\/01\/Kyanit-bransoletka-sieczka-1.jpg 750w\" sizes=\"auto, (max-width: 450px) 100vw, 450px\" \/><\/a>\n\t\t\t\t<div class=\"actions-wrapper\">\n\t\t\t\t\t\t\t\t\t\t\t\t<a href=https:\/\/www.skarbyziemi-alis.pl\/index.php\/product\/kyanit-bransoletka-sieczka\/ title=\"Podgl\u0105d\" data-product_id=\"5528\" class=\"et-quickview-btn et-tooltip product_type_simple\"><span class=\"text\">Podgl\u0105d<\/span><span class=\"icon\"><span class=\"et-icon et-maximize-2\"><\/span><\/span><\/a>\t\t\t<\/div>\n\t<\/figure>\n\t<div class=\"caption\">\n\t\t<div class=\"product-title\">\n\t\t\t<h2><a class=\"product-link\" href=\"https:\/\/www.skarbyziemi-alis.pl\/index.php\/product\/kyanit-bransoletka-sieczka\/\" title=\"Kyanit bransoletka sieczka\">Kyanit bransoletka sieczka<\/a><\/h2>\n\t\t\t<div class=\"yith-add-to-wishlist-button-block\" data-product-id=\"5528\" data-attributes=\"{&quot;kind&quot;:&quot;button&quot;}\"><\/div>\t\t<\/div>\n\t\t\n\t\t<div class=\"product_after_title\">\n\n\t\t\t<div class=\"product_after_shop_loop_price\">\n\t\t\t\t\n\t<span class=\"price\"><span class=\"woocommerce-Price-amount amount\"><bdi>45,00&nbsp;<span class=\"woocommerce-Price-currencySymbol\">&#122;&#322;<\/span><\/bdi><\/span><\/span>\n\t\t\t<\/div>\n\n\t\t\t<div class=\"product-excerpt\">\n\t\t\t\t<p>Kyanit\u00a0to kamie\u0144 o eleganckim, najcz\u0119\u015bciej niebieskim zabarwieniu, ceniony za naturalny po\u0142ysk i smuk\u0142e kszta\u0142ty. Kojarzony jest z r\u00f3wnowag\u0105, spokojem i klarown\u0105 komunikacj\u0105. Uwa\u017ca si\u0119, \u017ce wspiera koncentracj\u0119, harmonizuje energi\u0119 i pomaga zachowa\u0107 wewn\u0119trzny balans. Ze wzgl\u0119du na swoj\u0105 delikatn\u0105 struktur\u0119 jest szczeg\u00f3lnie ceniony w subtelnej, artystycznej bi\u017cuterii. Bransoletk\u0119 wysy\u0142amy losowo. [&hellip;]<\/p>\n\t\t\t<\/div>\n\n\t\t\t<div class=\"after_shop_loop_actions\">\n\n\t\t\t\t<a href=\"\/index.php\/wp-json\/wp\/v2\/pages\/6830?add-to-cart=5528\" aria-describedby=\"woocommerce_loop_add_to_cart_link_describedby_5528\" data-quantity=\"1\" class=\"button product_type_simple add_to_cart_button ajax_add_to_cart\" data-product_id=\"5528\" data-product_sku=\"\" aria-label=\"Dodaj do koszyka: &bdquo;Kyanit bransoletka sieczka&rdquo;\" rel=\"nofollow\" data-success_message=\"&ldquo;Kyanit bransoletka sieczka&rdquo; zosta\u0142 dodany do twojego koszyka\" role=\"button\"><span class=\"text\">Dodaj do koszyka<\/span><span class=\"icon et-icon et-shopping-bag\"><\/span><\/a>\t<span id=\"woocommerce_loop_add_to_cart_link_describedby_5528\" class=\"screen-reader-text\">\n\t\t<\/span>\n\t\t\t<\/div>\n\n\t\t<\/div>\n\n\t\t\n\t<\/div>\n\n\t<\/div>\n\n<\/li>\n<li class=\"item et-listing-style1 col-6 col-sm-6 col-md-4 col-lg-3 small_grid_5 product type-product post-5534 status-publish instock product_cat-kamienie product_cat-kyanit product_cat-surowy-kyanit has-post-thumbnail shipping-taxable purchasable product-type-simple\">\n\t<div class=\"product-inner animation fade\">\n\t\t<figure class=\"product_thumbnail et-image-hover\">  \n\t\t<a href=\"https:\/\/www.skarbyziemi-alis.pl\/index.php\/product\/kyanit-surowy\/\" title=\"Kyanit surowy\"><img loading=\"lazy\" decoding=\"async\" width=\"450\" height=\"600\" src=\"https:\/\/www.skarbyziemi-alis.pl\/wp-content\/uploads\/2026\/01\/Kyanit-surowy-450x600.jpg\" class=\"main-image skip-lazy\" alt=\"Kyanit surowy\" srcset=\"https:\/\/www.skarbyziemi-alis.pl\/wp-content\/uploads\/2026\/01\/Kyanit-surowy-450x600.jpg 450w, https:\/\/www.skarbyziemi-alis.pl\/wp-content\/uploads\/2026\/01\/Kyanit-surowy-225x300.jpg 225w, https:\/\/www.skarbyziemi-alis.pl\/wp-content\/uploads\/2026\/01\/Kyanit-surowy-113x150.jpg 113w, https:\/\/www.skarbyziemi-alis.pl\/wp-content\/uploads\/2026\/01\/Kyanit-surowy.jpg 750w\" sizes=\"auto, (max-width: 450px) 100vw, 450px\" \/><\/a>\n\t\t\t\t<div class=\"actions-wrapper\">\n\t\t\t\t\t\t\t\t\t\t\t\t<a href=https:\/\/www.skarbyziemi-alis.pl\/index.php\/product\/kyanit-surowy\/ title=\"Podgl\u0105d\" data-product_id=\"5534\" class=\"et-quickview-btn et-tooltip product_type_simple\"><span class=\"text\">Podgl\u0105d<\/span><span class=\"icon\"><span class=\"et-icon et-maximize-2\"><\/span><\/span><\/a>\t\t\t<\/div>\n\t<\/figure>\n\t<div class=\"caption\">\n\t\t<div class=\"product-title\">\n\t\t\t<h2><a class=\"product-link\" href=\"https:\/\/www.skarbyziemi-alis.pl\/index.php\/product\/kyanit-surowy\/\" title=\"Kyanit surowy\">Kyanit surowy<\/a><\/h2>\n\t\t\t<div class=\"yith-add-to-wishlist-button-block\" data-product-id=\"5534\" data-attributes=\"{&quot;kind&quot;:&quot;button&quot;}\"><\/div>\t\t<\/div>\n\t\t\n\t\t<div class=\"product_after_title\">\n\n\t\t\t<div class=\"product_after_shop_loop_price\">\n\t\t\t\t\n\t<span class=\"price\"><span class=\"woocommerce-Price-amount amount\"><bdi>25,00&nbsp;<span class=\"woocommerce-Price-currencySymbol\">&#122;&#322;<\/span><\/bdi><\/span><\/span>\n\t\t\t<\/div>\n\n\t\t\t<div class=\"product-excerpt\">\n\t\t\t\t<p>Kyanit\u00a0to kamie\u0144 o eleganckim, najcz\u0119\u015bciej niebieskim zabarwieniu, ceniony za naturalny po\u0142ysk i smuk\u0142e kszta\u0142ty. Kojarzony jest z r\u00f3wnowag\u0105, spokojem i klarown\u0105 komunikacj\u0105. Uwa\u017ca si\u0119, \u017ce wspiera koncentracj\u0119, harmonizuje energi\u0119 i pomaga zachowa\u0107 wewn\u0119trzny balans. Ze wzgl\u0119du na swoj\u0105 delikatn\u0105 struktur\u0119 jest szczeg\u00f3lnie ceniony w subtelnej, artystycznej bi\u017cuterii. Wymiary produktu: D\u0142ugo\u015b\u0107:+\/-4,5-7cm [&hellip;]<\/p>\n\t\t\t<\/div>\n\n\t\t\t<div class=\"after_shop_loop_actions\">\n\n\t\t\t\t<a href=\"\/index.php\/wp-json\/wp\/v2\/pages\/6830?add-to-cart=5534\" aria-describedby=\"woocommerce_loop_add_to_cart_link_describedby_5534\" data-quantity=\"1\" class=\"button product_type_simple add_to_cart_button ajax_add_to_cart\" data-product_id=\"5534\" data-product_sku=\"\" aria-label=\"Dodaj do koszyka: &bdquo;Kyanit surowy&rdquo;\" rel=\"nofollow\" data-success_message=\"&ldquo;Kyanit surowy&rdquo; zosta\u0142 dodany do twojego koszyka\" role=\"button\"><span class=\"text\">Dodaj do koszyka<\/span><span class=\"icon et-icon et-shopping-bag\"><\/span><\/a>\t<span id=\"woocommerce_loop_add_to_cart_link_describedby_5534\" class=\"screen-reader-text\">\n\t\t<\/span>\n\t\t\t<\/div>\n\n\t\t<\/div>\n\n\t\t\n\t<\/div>\n\n\t<\/div>\n\n<\/li>\n<li class=\"item et-listing-style1 col-6 col-sm-6 col-md-4 col-lg-3 small_grid_5 product type-product post-5537 status-publish last instock product_cat-kamienie product_cat-kyanit product_cat-surowy-kyanit has-post-thumbnail shipping-taxable purchasable product-type-simple\">\n\t<div class=\"product-inner animation fade\">\n\t\t<figure class=\"product_thumbnail et-image-hover\">  \n\t\t<a href=\"https:\/\/www.skarbyziemi-alis.pl\/index.php\/product\/kyanit-surowy-brylka-1\/\" title=\"Kyanit surowy bry\u0142ka 1\"><img loading=\"lazy\" decoding=\"async\" width=\"450\" height=\"600\" src=\"https:\/\/www.skarbyziemi-alis.pl\/wp-content\/uploads\/2026\/01\/Kyanit-otoczak-450x600.jpg\" class=\"main-image skip-lazy\" alt=\"Kyanit surowy bry\u0142ka 1\" srcset=\"https:\/\/www.skarbyziemi-alis.pl\/wp-content\/uploads\/2026\/01\/Kyanit-otoczak-450x600.jpg 450w, https:\/\/www.skarbyziemi-alis.pl\/wp-content\/uploads\/2026\/01\/Kyanit-otoczak-225x300.jpg 225w, https:\/\/www.skarbyziemi-alis.pl\/wp-content\/uploads\/2026\/01\/Kyanit-otoczak-113x150.jpg 113w, https:\/\/www.skarbyziemi-alis.pl\/wp-content\/uploads\/2026\/01\/Kyanit-otoczak.jpg 750w\" sizes=\"auto, (max-width: 450px) 100vw, 450px\" \/><\/a>\n\t\t\t\t<div class=\"actions-wrapper\">\n\t\t\t\t\t\t\t\t\t\t\t\t<a href=https:\/\/www.skarbyziemi-alis.pl\/index.php\/product\/kyanit-surowy-brylka-1\/ title=\"Podgl\u0105d\" data-product_id=\"5537\" class=\"et-quickview-btn et-tooltip product_type_simple\"><span class=\"text\">Podgl\u0105d<\/span><span class=\"icon\"><span class=\"et-icon et-maximize-2\"><\/span><\/span><\/a>\t\t\t<\/div>\n\t<\/figure>\n\t<div class=\"caption\">\n\t\t<div class=\"product-title\">\n\t\t\t<h2><a class=\"product-link\" href=\"https:\/\/www.skarbyziemi-alis.pl\/index.php\/product\/kyanit-surowy-brylka-1\/\" title=\"Kyanit surowy bry\u0142ka 1\">Kyanit surowy bry\u0142ka 1<\/a><\/h2>\n\t\t\t<div class=\"yith-add-to-wishlist-button-block\" data-product-id=\"5537\" data-attributes=\"{&quot;kind&quot;:&quot;button&quot;}\"><\/div>\t\t<\/div>\n\t\t\n\t\t<div class=\"product_after_title\">\n\n\t\t\t<div class=\"product_after_shop_loop_price\">\n\t\t\t\t\n\t<span class=\"price\"><span class=\"woocommerce-Price-amount amount\"><bdi>45,00&nbsp;<span class=\"woocommerce-Price-currencySymbol\">&#122;&#322;<\/span><\/bdi><\/span><\/span>\n\t\t\t<\/div>\n\n\t\t\t<div class=\"product-excerpt\">\n\t\t\t\t<p>Kyanit\u00a0to kamie\u0144 o eleganckim, najcz\u0119\u015bciej niebieskim zabarwieniu, ceniony za naturalny po\u0142ysk i smuk\u0142e kszta\u0142ty. Kojarzony jest z r\u00f3wnowag\u0105, spokojem i klarown\u0105 komunikacj\u0105. Uwa\u017ca si\u0119, \u017ce wspiera koncentracj\u0119, harmonizuje energi\u0119 i pomaga zachowa\u0107 wewn\u0119trzny balans. Ze wzgl\u0119du na swoj\u0105 delikatn\u0105 struktur\u0119 jest szczeg\u00f3lnie ceniony w subtelnej, artystycznej bi\u017cuterii. Wymiary produktu: D\u0142ugo\u015b\u0107:+\/-8cm [&hellip;]<\/p>\n\t\t\t<\/div>\n\n\t\t\t<div class=\"after_shop_loop_actions\">\n\n\t\t\t\t<a href=\"\/index.php\/wp-json\/wp\/v2\/pages\/6830?add-to-cart=5537\" aria-describedby=\"woocommerce_loop_add_to_cart_link_describedby_5537\" data-quantity=\"1\" class=\"button product_type_simple add_to_cart_button ajax_add_to_cart\" data-product_id=\"5537\" data-product_sku=\"\" aria-label=\"Dodaj do koszyka: &bdquo;Kyanit surowy bry\u0142ka 1&rdquo;\" rel=\"nofollow\" data-success_message=\"&ldquo;Kyanit surowy bry\u0142ka 1&rdquo; zosta\u0142 dodany do twojego koszyka\" role=\"button\"><span class=\"text\">Dodaj do koszyka<\/span><span class=\"icon et-icon et-shopping-bag\"><\/span><\/a>\t<span id=\"woocommerce_loop_add_to_cart_link_describedby_5537\" class=\"screen-reader-text\">\n\t\t<\/span>\n\t\t\t<\/div>\n\n\t\t<\/div>\n\n\t\t\n\t<\/div>\n\n\t<\/div>\n\n<\/li>\n<li class=\"item et-listing-style1 col-6 col-sm-6 col-md-4 col-lg-3 small_grid_5 product type-product post-5539 status-publish first instock product_cat-kamienie product_cat-kyanit product_cat-surowy-kyanit has-post-thumbnail shipping-taxable purchasable product-type-simple\">\n\t<div class=\"product-inner animation fade\">\n\t\t<figure class=\"product_thumbnail et-image-hover\">  \n\t\t<a href=\"https:\/\/www.skarbyziemi-alis.pl\/index.php\/product\/kyanit-surowy-brylka-2\/\" title=\"Kyanit surowy bry\u0142ka 2\"><img loading=\"lazy\" decoding=\"async\" width=\"450\" height=\"600\" src=\"https:\/\/www.skarbyziemi-alis.pl\/wp-content\/uploads\/2026\/01\/Kyanit-otoczak-duzy-450x600.jpg\" class=\"main-image skip-lazy\" alt=\"Kyanit surowy bry\u0142ka 2\" srcset=\"https:\/\/www.skarbyziemi-alis.pl\/wp-content\/uploads\/2026\/01\/Kyanit-otoczak-duzy-450x600.jpg 450w, https:\/\/www.skarbyziemi-alis.pl\/wp-content\/uploads\/2026\/01\/Kyanit-otoczak-duzy-225x300.jpg 225w, https:\/\/www.skarbyziemi-alis.pl\/wp-content\/uploads\/2026\/01\/Kyanit-otoczak-duzy-113x150.jpg 113w, https:\/\/www.skarbyziemi-alis.pl\/wp-content\/uploads\/2026\/01\/Kyanit-otoczak-duzy.jpg 750w\" sizes=\"auto, (max-width: 450px) 100vw, 450px\" \/><img loading=\"lazy\" decoding=\"async\" width=\"450\" height=\"600\" src=\"https:\/\/www.skarbyziemi-alis.pl\/wp-content\/uploads\/2026\/01\/Kyanit-otoczak-duzy-2-450x600.jpg\" class=\"product_thumbnail_hover\" alt=\"\" srcset=\"https:\/\/www.skarbyziemi-alis.pl\/wp-content\/uploads\/2026\/01\/Kyanit-otoczak-duzy-2-450x600.jpg 450w, https:\/\/www.skarbyziemi-alis.pl\/wp-content\/uploads\/2026\/01\/Kyanit-otoczak-duzy-2-225x300.jpg 225w, https:\/\/www.skarbyziemi-alis.pl\/wp-content\/uploads\/2026\/01\/Kyanit-otoczak-duzy-2-113x150.jpg 113w, https:\/\/www.skarbyziemi-alis.pl\/wp-content\/uploads\/2026\/01\/Kyanit-otoczak-duzy-2.jpg 750w\" sizes=\"auto, (max-width: 450px) 100vw, 450px\" \/><\/a>\n\t\t\t\t<div class=\"actions-wrapper\">\n\t\t\t\t\t\t\t\t\t\t\t\t<a href=https:\/\/www.skarbyziemi-alis.pl\/index.php\/product\/kyanit-surowy-brylka-2\/ title=\"Podgl\u0105d\" data-product_id=\"5539\" class=\"et-quickview-btn et-tooltip product_type_simple\"><span class=\"text\">Podgl\u0105d<\/span><span class=\"icon\"><span class=\"et-icon et-maximize-2\"><\/span><\/span><\/a>\t\t\t<\/div>\n\t<\/figure>\n\t<div class=\"caption\">\n\t\t<div class=\"product-title\">\n\t\t\t<h2><a class=\"product-link\" href=\"https:\/\/www.skarbyziemi-alis.pl\/index.php\/product\/kyanit-surowy-brylka-2\/\" title=\"Kyanit surowy bry\u0142ka 2\">Kyanit surowy bry\u0142ka 2<\/a><\/h2>\n\t\t\t<div class=\"yith-add-to-wishlist-button-block\" data-product-id=\"5539\" data-attributes=\"{&quot;kind&quot;:&quot;button&quot;}\"><\/div>\t\t<\/div>\n\t\t\n\t\t<div class=\"product_after_title\">\n\n\t\t\t<div class=\"product_after_shop_loop_price\">\n\t\t\t\t\n\t<span class=\"price\"><span class=\"woocommerce-Price-amount amount\"><bdi>59,00&nbsp;<span class=\"woocommerce-Price-currencySymbol\">&#122;&#322;<\/span><\/bdi><\/span><\/span>\n\t\t\t<\/div>\n\n\t\t\t<div class=\"product-excerpt\">\n\t\t\t\t<p>Kyanit\u00a0to kamie\u0144 o eleganckim, najcz\u0119\u015bciej niebieskim zabarwieniu, ceniony za naturalny po\u0142ysk i smuk\u0142e kszta\u0142ty. Kojarzony jest z r\u00f3wnowag\u0105, spokojem i klarown\u0105 komunikacj\u0105. Uwa\u017ca si\u0119, \u017ce wspiera koncentracj\u0119, harmonizuje energi\u0119 i pomaga zachowa\u0107 wewn\u0119trzny balans. Ze wzgl\u0119du na swoj\u0105 delikatn\u0105 struktur\u0119 jest szczeg\u00f3lnie ceniony w subtelnej, artystycznej bi\u017cuterii. Wymiary produktu: D\u0142ugo\u015b\u0107:+\/-9cm [&hellip;]<\/p>\n\t\t\t<\/div>\n\n\t\t\t<div class=\"after_shop_loop_actions\">\n\n\t\t\t\t<a href=\"\/index.php\/wp-json\/wp\/v2\/pages\/6830?add-to-cart=5539\" aria-describedby=\"woocommerce_loop_add_to_cart_link_describedby_5539\" data-quantity=\"1\" class=\"button product_type_simple add_to_cart_button ajax_add_to_cart\" data-product_id=\"5539\" data-product_sku=\"\" aria-label=\"Dodaj do koszyka: &bdquo;Kyanit surowy bry\u0142ka 2&rdquo;\" rel=\"nofollow\" data-success_message=\"&ldquo;Kyanit surowy bry\u0142ka 2&rdquo; zosta\u0142 dodany do twojego koszyka\" role=\"button\"><span class=\"text\">Dodaj do koszyka<\/span><span class=\"icon et-icon et-shopping-bag\"><\/span><\/a>\t<span id=\"woocommerce_loop_add_to_cart_link_describedby_5539\" class=\"screen-reader-text\">\n\t\t<\/span>\n\t\t\t<\/div>\n\n\t\t<\/div>\n\n\t\t\n\t<\/div>\n\n\t<\/div>\n\n<\/li><\/ul>\n<\/div>[\/vc_column][\/vc_row]\n<\/div>","protected":false},"excerpt":{"rendered":"<p>[vc_row content_placement=&#8221;middle&#8221;][vc_column width=&#8221;4\/5&#8243; offset=&#8221;vc_col-lg-offset-1&#8243;][vc_column_text css=&#8221;&#8221; animation=&#8221;animation scale&#8221;] [\/vc_column_text][vc_text_separator title=&#8221;Podkategorie&#8221;][\/vc_column][\/vc_row][vc_row et_column_align=&#8221;align-center&#8221; equal_height=&#8221;yes&#8221;][vc_column][\/vc_column][\/vc_row][vc_row][vc_column][vc_text_separator title=&#8221;Produkty&#8221; css=&#8221;&#8221;][\/vc_column][\/vc_row][vc_row][vc_column][\/vc_column][\/vc_row]<\/p>\n","protected":false},"author":1,"featured_media":0,"parent":4354,"menu_order":0,"comment_status":"closed","ping_status":"closed","template":"","meta":{"footnotes":""},"class_list":["post-6830","page","type-page","status-publish","hentry"],"_links":{"self":[{"href":"https:\/\/www.skarbyziemi-alis.pl\/index.php\/wp-json\/wp\/v2\/pages\/6830","targetHints":{"allow":["GET"]}}],"collection":[{"href":"https:\/\/www.skarbyziemi-alis.pl\/index.php\/wp-json\/wp\/v2\/pages"}],"about":[{"href":"https:\/\/www.skarbyziemi-alis.pl\/index.php\/wp-json\/wp\/v2\/types\/page"}],"author":[{"embeddable":true,"href":"https:\/\/www.skarbyziemi-alis.pl\/index.php\/wp-json\/wp\/v2\/users\/1"}],"replies":[{"embeddable":true,"href":"https:\/\/www.skarbyziemi-alis.pl\/index.php\/wp-json\/wp\/v2\/comments?post=6830"}],"version-history":[{"count":1,"href":"https:\/\/www.skarbyziemi-alis.pl\/index.php\/wp-json\/wp\/v2\/pages\/6830\/revisions"}],"predecessor-version":[{"id":6831,"href":"https:\/\/www.skarbyziemi-alis.pl\/index.php\/wp-json\/wp\/v2\/pages\/6830\/revisions\/6831"}],"up":[{"embeddable":true,"href":"https:\/\/www.skarbyziemi-alis.pl\/index.php\/wp-json\/wp\/v2\/pages\/4354"}],"wp:attachment":[{"href":"https:\/\/www.skarbyziemi-alis.pl\/index.php\/wp-json\/wp\/v2\/media?parent=6830"}],"curies":[{"name":"wp","href":"https:\/\/api.w.org\/{rel}","templated":true}]}}